{"id":37,"date":"2018-10-17T18:09:36","date_gmt":"2018-10-17T16:09:36","guid":{"rendered":"http:\/\/www.gite-insolite-touraine.fr\/en\/?page_id=37"},"modified":"2024-06-17T09:25:16","modified_gmt":"2024-06-17T07:25:16","slug":"prices","status":"publish","type":"page","link":"https:\/\/www.gite-insolite-touraine.fr\/en\/prices\/prices\/","title":{"rendered":"Prices"},"content":{"rendered":"<h2>Price for the gite Huguette <i>(Capacity 2 people)<\/i><i><\/i><\/h2>\n<table class=\"tarif\">\n<tbody>\n<tr style=\"background-color: #94c11f;\">\n<td style=\"width: 20%;\">\u00a0<\/td>\n<td style=\"text-align: center; width: 40%; color: #fff; font-weight: bold;\">AVERAGE season <br \/>\n\t<i>April, May, June, September, October, November<\/i><\/td>\n<td style=\"text-align: center; width: 40%; color: #fff; font-weight: bold; background-color: #f48210;\">HIGH season<br \/>\n\t<i>July and August<\/i><\/td>\n<\/tr>\n<tr>\n<td style=\"width: 20%;\">Sunday, Monday, Tuesday, Wednesday, Thursday<\/td>\n<td style=\"text-align: center; width: 40%; padding: 0px;\"><b>65 \u20ac<\/b><\/td>\n<td style=\"text-align: center; width: 40%; padding: 0px;\"><b>135 \u20ac<\/b><br \/>\n\t\t<i>(for 2 people for 2 nights)<\/i><\/td>\n<\/tr>\n<tr>\n<td style=\"width: 20%;\">Friday or Saturday, public holidays<\/td>\n<td style=\"text-align: center; width: 40%; padding: 0px;\"><b>70 \u20ac<\/b><\/td>\n<td style=\"text-align: center; width: 40%; padding: 0px;\"><b>135 \u20ac<\/b><br \/>\n\t\t<i>(for 2 people for 2 nights)<\/i><\/td>\n<\/tr>\n<tr>\n<td style=\"width: 20%;\">Week-end <br \/>\n\t<i>(Vendredi + Samedi)<\/i><\/td>\n<td style=\"text-align: center; width: 40%; padding: 0px;\"><b>135 \u20ac<\/b><\/td>\n<td style=\"text-align: center; width: 40%; padding: 0px;\"><b>135 \u20ac<\/b><br \/>\n\t\t<i>(for 2 people for 2 nights)<\/i><\/td>\n<\/tr>\n<tr>\n<td style=\"width: 20%;\">Week<\/td>\n<td style=\"text-align: center; width: 40%; padding: 0px;\"><b>410 \u20ac<\/b><\/td>\n<td style=\"text-align: center; width: 40%; padding: 0px;\"><b>520 \u20ac<\/b><\/td>\n<\/tr>\n<\/tbody>\n<\/table>\n<p>&nbsp;<\/p>\n<h2>Price for thes Roulottes Bourrellerie et l&rsquo;Original <i>(Capacity 5 people)<\/i><i><\/i><\/h2>\n<table class=\"tarif\">\n<tbody>\n<tr style=\"background-color: #94c11f;\">\n<td style=\"width: 20%;\">\u00a0<\/td>\n<td style=\"text-align: center; width: 40%; color: #fff; font-weight: bold;\">AVERAGE season <br \/>\n\t<i>April, May, June, September, October, November<\/i><\/td>\n<td style=\"text-align: center; width: 40%; color: #fff; font-weight: bold; background-color: #f48210;\">HIGH season<br \/>\n\t<i>July and August<\/i><\/td>\n<\/tr>\n<tr style=\"background-color: #eee;\">\n<td style=\"width: 20%;\">\u00a0<\/td>\n<td style=\"text-align: center; width: 40%; padding: 0px;\">\n<table style=\"width: 100%;\">\n<tbody>\n<tr>\n<td style=\"width: 33%;\">2\/3 pers<\/td>\n<td style=\"width: 33%;\">4 pers<\/td>\n<td style=\"width: 33%;\">5 pers<\/td>\n<\/tr>\n<\/tbody>\n<\/table>\n<\/td>\n<td style=\"text-align: center; width: 40%; padding: 0px;\">\n<table style=\"width: 100%;\">\n<tbody>\n<tr>\n<td style=\"width: 33%;\">2\/3 pers<\/td>\n<td style=\"width: 33%;\">4 pers<\/td>\n<td style=\"width: 33%;\">5 pers<\/td>\n<\/tr>\n<\/tbody>\n<\/table>\n<\/td>\n<\/tr>\n<tr>\n<td style=\"width: 20%;\">Sunday, Monday, Tuesday, Wednesday, Thursday<\/td>\n<td style=\"text-align: center; width: 40%; padding: 0px;\">\n<table style=\"width: 100%;\">\n<tbody>\n<tr>\n<td style=\"width: 33%;\"><b>80 \u20ac<\/b><\/td>\n<td style=\"width: 33%;\"><b>95 \u20ac<\/b><\/td>\n<td style=\"width: 33%;\"><b>110 \u20ac<\/b><\/td>\n<\/tr>\n<\/tbody>\n<\/table>\n<\/td>\n<td style=\"text-align: center; width: 40%; padding: 0px;\">\n<table style=\"width: 100%;\">\n<tbody>\n<tr>\n<td style=\"width: 33%;\"><b>165 \u20ac<\/b><br \/>\n\t\t<i>(2 nights)<\/i><\/td>\n<td style=\"width: 33%;\"><b>205 \u20ac<\/b><br \/>\n\t\t<i>(2 nights)<\/i><\/td>\n<td style=\"width: 33%;\"><b>225 \u20ac<\/b><br \/>\n\t\t\t<i>(2 nights)<\/i><\/td>\n<\/tr>\n<\/tbody>\n<\/table>\n<\/td>\n<\/tr>\n<tr>\n<td style=\"width: 20%;\">Friday or Saturday, public holidays<\/td>\n<td style=\"text-align: center; width: 40%; padding: 0px;\">\n<table style=\"width: 100%;\">\n<tbody>\n<tr>\n<td style=\"width: 33%;\"><b>90 \u20ac<\/b><\/td>\n<td style=\"width: 33%;\"><b>110 \u20ac<\/b><\/td>\n<td style=\"width: 33%;\"><b>125 \u20ac<\/b><\/td>\n<\/tr>\n<\/tbody>\n<\/table>\n<\/td>\n<td style=\"text-align: center; width: 40%; padding: 0px;\">\n<table style=\"width: 100%;\">\n<tbody>\n<tr>\n<td style=\"width: 33%;\"><b>165 \u20ac<\/b><br \/>\n\t\t\t<i>(2 nights)<\/i><\/td>\n<td style=\"width: 33%;\"><b>205 \u20ac<\/b><br \/>\n\t\t\t<i>(2 nights)<\/i><\/td>\n<td style=\"width: 33%;\"><b>225 \u20ac<\/b><br \/>\n\t\t\t<i>(2 nights)<\/i><\/td>\n<\/tr>\n<\/tbody>\n<\/table>\n<\/td>\n<\/tr>\n<tr>\n<td style=\"width: 20%;\">Week-end <br \/>\n\t<i>(Friday + Saturday)<\/i><\/td>\n<td style=\"text-align: center; width: 40%; padding: 0px;\">\n<table style=\"width: 100%;\">\n<tbody>\n<tr>\n<td style=\"width: 33%;\"><b>165 \u20ac<\/b><br \/>\n\t<i>(2 nights)<\/i><\/td>\n<td style=\"width: 33%;\"><b>205 \u20ac<\/b><br \/>\n\t<i>(2 nights)<\/i><\/td>\n<td style=\"width: 33%;\"><b>225 \u20ac<\/b><br \/>\n\t<i>(2 nights)<\/i><\/td>\n<\/tr>\n<\/tbody>\n<\/table>\n<\/td>\n<td style=\"text-align: center; width: 40%; padding: 0px;\">\n<table style=\"width: 100%;\">\n<tbody>\n<tr>\n<td style=\"width: 33%;\"><b>210 \u20ac<\/b><br \/>\n\t<i>(2 nights)<\/i><\/td>\n<td style=\"width: 33%;\"><b>250 \u20ac<\/b><br \/>\n\t<i>(2 nights)<\/i><\/td>\n<td style=\"width: 33%;\"><b>290 \u20ac<\/b><br \/>\n\t<i>(2 nights)<\/i><\/td>\n<\/tr>\n<\/tbody>\n<\/table>\n<\/td>\n<\/tr>\n<tr>\n<td style=\"width: 20%;\">Week<\/td>\n<td style=\"text-align: center; width: 40%; padding: 0px;\">\n<table style=\"width: 100%;\">\n<tbody>\n<tr>\n<td style=\"width: 33%;\"><b>520 \u20ac<\/b><br \/>\n\t<i>(7 nights)<\/i><\/td>\n<td style=\"width: 33%;\"><b>630 \u20ac<\/b><br \/>\n\t<i>(7 nights)<\/i><\/td>\n<td style=\"width: 33%;\"><b>735 \u20ac<\/b><br \/>\n\t<i>(7 nights)<\/i><\/td>\n<\/tr>\n<\/tbody>\n<\/table>\n<\/td>\n<td style=\"text-align: center; width: 40%; padding: 0px;\">\n<table style=\"width: 100%;\">\n<tbody>\n<tr>\n<td style=\"width: 33%;\"><b>660 \u20ac<\/b><br \/>\n\t<i>(7 nights)<\/i><\/td>\n<td style=\"width: 33%;\"><b>770 \u20ac<\/b><br \/>\n\t<i>(7 nights)<\/i><\/td>\n<td style=\"width: 33%;\"><b>840 \u20ac<\/b><br \/>\n\t<i>(7 nights)<\/i><\/td>\n<\/tr>\n<\/tbody>\n<\/table>\n<\/td>\n<\/tr>\n<\/tbody>\n<\/table>\n<h2>Price for the Cabane aux Chenes <i>(Capacity 5 people)<\/i><\/h2>\n<table class=\"tarif\">\n<tbody>\n<tr style=\"background-color: #94c11f;\">\n<td style=\"width: 20%;\">\u00a0<\/td>\n<td style=\"text-align: center; width: 40%; color: #fff; font-weight: bold;\">AVERAGE Season <br \/>\n<i>April, May, June, September, October, November<\/i><\/td>\n<td style=\"text-align: center; width: 40%; color: #fff; font-weight: bold; background-color: #f48210;\">HIGH season <br \/>\n<i>July and August<\/i><\/td>\n<\/tr>\n<tr style=\"background-color: #eee;\">\n<td style=\"width: 20%;\">\u00a0<\/td>\n<td style=\"text-align: center; width: 40%; padding: 0px;\">\n<table style=\"width: 100%;\">\n<tbody>\n<tr>\n<td style=\"width: 30%;\">2\/3 pers<\/td>\n<td style=\"width: 30%;\">4 pers<\/td>\n<td style=\"width: 30%;\">5 pers<\/td>\n<\/tr>\n<\/tbody>\n<\/table>\n<\/td>\n<td style=\"text-align: center; width: 40%; padding: 0px;\">\n<table style=\"width: 100%;\">\n<tbody>\n<tr>\n<td style=\"width: 30%;\">2\/3 pers<\/td>\n<td style=\"width: 30%;\">4 pers<\/td>\n<td style=\"width: 30%;\">5 pers<\/td>\n<\/tr>\n<\/tbody>\n<\/table>\n<\/td>\n<\/tr>\n<tr>\n<td style=\"width: 20%;\">Sunday, Monday, Tuesday, Wednesday, Thursday<\/td>\n<td style=\"text-align: center; width: 40%; padding: 0px;\">\n<table style=\"width: 100%;\">\n<tbody>\n<tr>\n<td style=\"width: 30%;\"><b>125\u00a0 \u20ac<\/b><\/td>\n<td style=\"width: 30%;\"><b>150 \u20ac<\/b><\/td>\n<td style=\"width: 30%;\"><b>170 \u20ac<\/b><\/td>\n<\/tr>\n<\/tbody>\n<\/table>\n<\/td>\n<td style=\"text-align: center; width: 40%; padding: 0px;\">\n<table style=\"width: 100%;\">\n<tbody>\n<tr>\n<td style=\"width: 30%;\"><b>135 \u20ac<\/b><\/td>\n<td style=\"width: 30%;\"><b>160 \u20ac<\/b><\/td>\n<td style=\"width: 30%;\"><b>180 \u20ac<\/b><\/td>\n<\/tr>\n<\/tbody>\n<\/table>\n<\/td>\n<\/tr>\n<tr>\n<td style=\"width: 20%;\">Friday or Saturday, public holidays<\/td>\n<td style=\"text-align: center; width: 40%; padding: 0px;\">\n<table style=\"width: 100%;\">\n<tbody>\n<tr>\n<td style=\"width: 30%;\"><b>135 \u20ac<\/b><\/td>\n<td style=\"width: 30%;\"><b>160 \u20ac<\/b><\/td>\n<td style=\"width: 30%;\"><b>180 \u20ac<\/b><\/td>\n<\/tr>\n<\/tbody>\n<\/table>\n<\/td>\n<td style=\"text-align: center; width: 40%; padding: 0px;\">\n<p style=\"text-align: center;\" align=\"CENTER\">No single night on weekends<\/p>\n<\/td>\n<\/tr>\n<tr>\n<td style=\"width: 20%;\">Week-end <br \/>\n<i>(Friday + Saturday)<\/i><\/td>\n<td style=\"text-align: center; width: 40%; padding: 0px;\">\n<table style=\"width: 100%;\">\n<tbody>\n<tr>\n<td style=\"width: 30%;\"><b>260 \u20ac<\/b><br \/>\n<i>(2 nights)<\/i><\/td>\n<td style=\"width: 30%;\"><b>310 \u20ac<\/b><br \/>\n<i>(2 nights)<\/i><\/td>\n<td style=\"width: 30%;\"><b>350 \u20ac<\/b><br \/>\n<i>(2 nights)<\/i><\/td>\n<\/tr>\n<\/tbody>\n<\/table>\n<\/td>\n<td style=\"text-align: center; width: 40%; padding: 0px;\">\n<table style=\"width: 100%;\">\n<tbody>\n<tr>\n<td style=\"width: 30%;\"><b>290 \u20ac<\/b><br \/>\n<i>(2 nights)<\/i><\/td>\n<td style=\"width: 30%;\"><b>340 \u20ac<\/b><br \/>\n<i>(2 nights)<\/i><\/td>\n<td style=\"width: 30%;\"><b>390 \u20ac<\/b><br \/>\n<i>(2 nights)<\/i><\/td>\n<\/tr>\n<\/tbody>\n<\/table>\n<\/td>\n<\/tr>\n<tr>\n<td style=\"width: 20%;\">Week<\/td>\n<td style=\"text-align: center; width: 40%; padding: 0px;\">\n<table style=\"width: 100%;\">\n<tbody>\n<tr>\n<td style=\"width: 30%;\"><b>795 \u20ac<\/b><br \/>\n<i>(7 nights)<\/i><\/td>\n<td style=\"width: 30%;\"><b>895 \u20ac<\/b><br \/>\n<i>(7 nights)<\/i><\/td>\n<td style=\"width: 30%;\"><b>995 \u20ac<\/b><br \/>\n<i>(7 nights)<\/i><\/td>\n<\/tr>\n<\/tbody>\n<\/table>\n<\/td>\n<td style=\"text-align: center; width: 40%; padding: 0px;\">\n<table style=\"width: 100%;\">\n<tbody>\n<tr>\n<td style=\"width: 30%;\"><b>910 \u20ac<\/b><br \/>\n<i>(7 nights)<\/i><\/td>\n<td style=\"width: 30%;\"><b>1180 \u20ac<\/b><br \/>\n<i>(7 nights)<\/i><\/td>\n<td style=\"width: 30%;\"><b>1180 \u20ac<\/b><br \/>\n<i>(7 nights)<\/i><\/td>\n<\/tr>\n<\/tbody>\n<\/table>\n<\/td>\n<\/tr>\n<\/tbody>\n<\/table>\n<p>&nbsp;<\/p>\n<h2>Price for the Ranch Jack <i>(Capacity 9 people &#8211; 22\u20ac to 33\u20ac\/pers.)<\/i><\/h2>\n<table class=\"tarif\" style=\"width: 100%; height: 294px;\">\n<tbody>\n<tr style=\"background-color: #94c11f;\">\n<td style=\"width: 20%; height: 48px;\">\u00a0<\/td>\n<td style=\"text-align: center; width: 40%; color: #ffffff; font-weight: bold; height: 48px;\">AVERAGE season<br \/>\n\t<i>April, May, June, September, October, November<\/i><\/td>\n<td style=\"text-align: center; width: 40%; color: #ffffff; font-weight: bold; background-color: #f48210; height: 48px;\">HIGH season <br \/>\n\t<i>July and August<\/i><\/td>\n<\/tr>\n<tr style=\"background-color: #eee;\">\n<td style=\"width: 20%; height: 32px;\">\u00a0<\/td>\n<td style=\"text-align: center; width: 40%; padding: 0px; height: 32px;\">\n<table style=\"width: 100%;\">\n<tbody>\n<tr>\n<td style=\"width: 25%;\">6\/7 pers<\/td>\n<td style=\"width: 25%;\">8 pers<\/td>\n<td style=\"width: 25%;\">9 pers<\/td>\n<\/tr>\n<\/tbody>\n<\/table>\n<\/td>\n<td style=\"text-align: center; width: 40%; padding: 0px; height: 32px;\">\n<table style=\"width: 100%;\">\n<tbody>\n<tr>\n<td style=\"width: 25%;\">6\/7 pers<\/td>\n<td style=\"width: 25%;\">8 pers<\/td>\n<td style=\"width: 25%;\">9 pers<\/td>\n<\/tr>\n<\/tbody>\n<\/table>\n<\/td>\n<\/tr>\n<tr style=\"height: 48px;\">\n<td style=\"width: 20%; height: 48px;\">Sunday, Monday, Tuesday, Wednesday, Thursday<\/td>\n<td style=\"text-align: center; width: 40%; padding: 0px; height: 48px;\">\n<table style=\"width: 100%;\">\n<tbody>\n<tr>\n<td style=\"width: 25%;\"><b>210 \u20ac<\/b><\/td>\n<td style=\"width: 25%;\"><b>240 \u20ac<\/b><\/td>\n<td style=\"width: 25%;\"><b>270 \u20ac<\/b><\/td>\n<\/tr>\n<\/tbody>\n<\/table>\n<\/td>\n<td style=\"text-align: center; width: 40%; padding: 0px; height: 48px;\">\n<table style=\"width: 100%;\">\n<tbody>\n<tr>\n<td style=\"width: 33%;\"><b>448\u20ac <\/b><br \/>\n\t\t\t<i>(2 nights)<\/i><\/td>\n<td style=\"width: 33%;\"><b>512 \u20ac<\/b><br \/>\n\t\t\t<i>(2 nights)<\/i><\/td>\n<td style=\"width: 33%;\"><b>576 \u20ac<\/b><br \/>\n\t\t\t<i>(2 nights)<\/i><\/td>\n<\/tr>\n<\/tbody>\n<\/table>\n<\/td>\n<\/tr>\n<tr style=\"height: 54px;\">\n<td style=\"width: 20%; height: 54px;\">Friday or Saturday, public holidays<\/td>\n<td style=\"text-align: center; width: 40%; padding: 0px; height: 54px;\">\n<table style=\"width: 100%;\">\n<tbody>\n<tr>\n<td style=\"width: 25%;\"><b>245 \u20ac<\/b><\/td>\n<td style=\"width: 25%;\"><b>280 \u20ac<\/b><\/td>\n<td style=\"width: 25%;\"><b>315 \u20ac<\/b><\/td>\n<\/tr>\n<\/tbody>\n<\/table>\n<\/td>\n<td style=\"text-align: center; width: 40%; padding: 0px; height: 54px;\">\n<table style=\"width: 100%;\">\n<tbody>\n<tr>\n<td style=\"width: 25%;\"><b>448 \u20ac<\/b><br \/>\n\t\t\t<i>(2 nights)<\/i><\/td>\n<td style=\"width: 25%;\"><b>512 \u20ac<\/b><br \/>\n\t\t\t<i>(2 nights)<\/i><\/td>\n<td style=\"width: 25%;\"><b>576 \u20ac<\/b><br \/>\n\t\t\t<i>(2 nights)<\/i><\/td>\n<\/tr>\n<\/tbody>\n<\/table>\n<\/td>\n<\/tr>\n<tr style=\"height: 56px;\">\n<td style=\"width: 20%; height: 56px;\">Week-end <br \/>\n\t<i>(Friday + Saturday)<\/i><\/td>\n<td style=\"text-align: center; width: 40%; padding: 0px; height: 56px;\">\n<table style=\"width: 100%;\">\n<tbody>\n<tr>\n<td style=\"width: 25%;\"><b>448 \u20ac<\/b><br \/>\n\t<i>(2 nights)<\/i><\/td>\n<td style=\"width: 25%;\"><b>512 \u20ac<\/b><br \/>\n\t<i>(2 nights)<\/i><\/td>\n<td style=\"width: 25%;\"><b>576 \u20ac<\/b><br \/>\n\t<i>(2 nights)<\/i><\/td>\n<\/tr>\n<\/tbody>\n<\/table>\n<\/td>\n<td style=\"text-align: center; width: 40%; padding: 0px; height: 56px;\">\n<table style=\"width: 100%;\">\n<tbody>\n<tr>\n<td style=\"width: 33%;\"><b>448\u20ac <\/b><br \/>\n\t\t\t<i>(2 nights)<\/i><\/td>\n<td style=\"width: 33%;\"><b>512 \u20ac<\/b><br \/>\n\t\t\t<i>(2 nights)<\/i><\/td>\n<td style=\"width: 33%;\"><b>576 \u20ac<\/b><br \/>\n\t\t\t<i>(2 nights)<\/i><\/td>\n<\/tr>\n<\/tbody>\n<\/table>\n<\/td>\n<\/tr>\n<tr style=\"height: 56px;\">\n<td style=\"width: 20%; height: 56px;\">Semaine<\/td>\n<td style=\"text-align: center; width: 40%; padding: 0px; height: 56px;\">\n<table style=\"width: 100%;\">\n<tbody>\n<tr>\n<td style=\"width: 25%;\"><b>1078\u00a0 \u20ac<\/b><br \/>\n\t<i>(7 nights)<\/i><\/td>\n<td style=\"width: 25%;\"><b>1232 \u20ac<\/b><br \/>\n\t<i>(7 nights)<\/i><\/td>\n<td style=\"width: 25%;\"><b>1386 \u20ac<\/b><br \/>\n\t<i>(7 nights)<\/i><\/td>\n<\/tr>\n<\/tbody>\n<\/table>\n<\/td>\n<td style=\"text-align: center; width: 40%; padding: 0px; height: 56px;\">\n<table style=\"width: 100%;\">\n<tbody>\n<tr>\n<td style=\"width: 25%;\"><b>1225 \u20ac<\/b><br \/>\n\t<i>(7 nights)<\/i><\/td>\n<td style=\"width: 25%;\"><b>1400 \u20ac<\/b><br \/>\n\t<i>(7 nights)<\/i><\/td>\n<td style=\"width: 25%;\"><b>1575 \u20ac<\/b><br \/>\n\t<i>(7 nights)<\/i><\/td>\n<\/tr>\n<\/tbody>\n<\/table>\n<\/td>\n<\/tr>\n<\/tbody>\n<\/table>\n<p>&nbsp;<\/p>\n<h2>Included in the price<\/h2>\n<ul>\n<li>Indoor pool (12 x 5), tennis court, badminton, table tennis, beach volley, p\u00e9tanque, playground and toy shack, board games, library with free loan of material for each structure (balls and rackets&#8230;)<\/li>\n<li>Beds made on arrival. 1 Kit with bio products + towel and 1 grocery kit.<\/li>\n<li>Water, electricity and heating, free WIFI Internet connection<\/li>\n<li>Baby equipment (baby bed with sheets, highchair, bathtub)<\/li>\n<li>Garage for motorcycles and bicycles<\/li>\n<\/ul>\n<p>Each cottage has a fully equipped kitchen, flowered garden with shaded patio furniture, garden armchairs and private barbecue. Wooden lodges, natural insulation and recycling of waste.<\/p>\n<p>* Riders will be delighted to come with their horses, because we have on-site a carrer horses and beautiful riding excursions.<\/p>\n<h2>Not included in the price<\/h2>\n<ul>\n<li>Bath towel : <strong>2.5 euros\/towel<\/strong> <em>(included in the price for the Treehouse)<\/em><\/li>\n<li>Cleaning fee :<strong> 30 euros<\/strong> or to be made by yourself<\/li>\n<li>Late check-out from Sunday to Thursday <em>(7pm instead of 11am)<\/em> is offered at a preferential rate of <strong>30 euros<\/strong> per lodge <em>(excluding school period and holidays)<\/em><\/li>\n<\/ul>\n","protected":false},"excerpt":{"rendered":"<p>Price for the gite Huguette (Capacity 2 people) \u00a0 AVERAGE season April, May, June, September, October, November HIGH season July and August Sunday, Monday, Tuesday, Wednesday, Thursday 65 \u20ac 135 \u20ac (for 2 people for 2 nights) Friday or Saturday, public holidays 70 \u20ac 135 \u20ac (for 2 people for 2 nights) Week-end (Vendredi + [&hellip;]<\/p>\n","protected":false},"author":1,"featured_media":0,"parent":35,"menu_order":0,"comment_status":"closed","ping_status":"closed","template":"","meta":{"footnotes":""},"yoast_head":"<!-- This site is optimized with the Yoast SEO plugin v22.8 - https:\/\/yoast.com\/wordpress\/plugins\/seo\/ -->\n<title>Prices - G\u00eetes Touts Vents<\/title>\n<meta name=\"robots\" content=\"index, follow, max-snippet:-1, max-image-preview:large, max-video-preview:-1\" \/>\n<link rel=\"canonical\" href=\"https:\/\/www.gite-insolite-touraine.fr\/en\/prices\/prices\/\" \/>\n<meta property=\"og:locale\" content=\"fr_FR\" \/>\n<meta property=\"og:type\" content=\"article\" \/>\n<meta property=\"og:title\" content=\"Prices - G\u00eetes Touts Vents\" \/>\n<meta property=\"og:description\" content=\"Price for the gite Huguette (Capacity 2 people) \u00a0 AVERAGE season April, May, June, September, October, November HIGH season July and August Sunday, Monday, Tuesday, Wednesday, Thursday 65 \u20ac 135 \u20ac (for 2 people for 2 nights) Friday or Saturday, public holidays 70 \u20ac 135 \u20ac (for 2 people for 2 nights) Week-end (Vendredi + [&hellip;]\" \/>\n<meta property=\"og:url\" content=\"https:\/\/www.gite-insolite-touraine.fr\/en\/prices\/prices\/\" \/>\n<meta property=\"og:site_name\" content=\"G\u00eetes Touts Vents\" \/>\n<meta property=\"article:modified_time\" content=\"2024-06-17T07:25:16+00:00\" \/>\n<meta name=\"twitter:card\" content=\"summary_large_image\" \/>\n<meta name=\"twitter:label1\" content=\"Dur\u00e9e de lecture estim\u00e9e\" \/>\n\t<meta name=\"twitter:data1\" content=\"4 minutes\" \/>\n<script type=\"application\/ld+json\" class=\"yoast-schema-graph\">{\"@context\":\"https:\/\/schema.org\",\"@graph\":[{\"@type\":\"WebPage\",\"@id\":\"https:\/\/www.gite-insolite-touraine.fr\/en\/prices\/prices\/\",\"url\":\"https:\/\/www.gite-insolite-touraine.fr\/en\/prices\/prices\/\",\"name\":\"Prices - G\u00eetes Touts Vents\",\"isPartOf\":{\"@id\":\"https:\/\/www.gite-insolite-touraine.fr\/en\/#website\"},\"datePublished\":\"2018-10-17T16:09:36+00:00\",\"dateModified\":\"2024-06-17T07:25:16+00:00\",\"breadcrumb\":{\"@id\":\"https:\/\/www.gite-insolite-touraine.fr\/en\/prices\/prices\/#breadcrumb\"},\"inLanguage\":\"fr-FR\",\"potentialAction\":[{\"@type\":\"ReadAction\",\"target\":[\"https:\/\/www.gite-insolite-touraine.fr\/en\/prices\/prices\/\"]}]},{\"@type\":\"BreadcrumbList\",\"@id\":\"https:\/\/www.gite-insolite-touraine.fr\/en\/prices\/prices\/#breadcrumb\",\"itemListElement\":[{\"@type\":\"ListItem\",\"position\":1,\"name\":\"Accueil\",\"item\":\"https:\/\/www.gite-insolite-touraine.fr\/en\/\"},{\"@type\":\"ListItem\",\"position\":2,\"name\":\"Prices\",\"item\":\"https:\/\/www.gite-insolite-touraine.fr\/en\/prices\/\"},{\"@type\":\"ListItem\",\"position\":3,\"name\":\"Prices\"}]},{\"@type\":\"WebSite\",\"@id\":\"https:\/\/www.gite-insolite-touraine.fr\/en\/#website\",\"url\":\"https:\/\/www.gite-insolite-touraine.fr\/en\/\",\"name\":\"G\u00eetes Touts Vents\",\"description\":\"H\u00e9bergement insolite au coeur des Ch\u00e2teaux Loire\",\"potentialAction\":[{\"@type\":\"SearchAction\",\"target\":{\"@type\":\"EntryPoint\",\"urlTemplate\":\"https:\/\/www.gite-insolite-touraine.fr\/en\/?s={search_term_string}\"},\"query-input\":\"required name=search_term_string\"}],\"inLanguage\":\"fr-FR\"}]}<\/script>\n<!-- \/ Yoast SEO plugin. -->","yoast_head_json":{"title":"Prices - G\u00eetes Touts Vents","robots":{"index":"index","follow":"follow","max-snippet":"max-snippet:-1","max-image-preview":"max-image-preview:large","max-video-preview":"max-video-preview:-1"},"canonical":"https:\/\/www.gite-insolite-touraine.fr\/en\/prices\/prices\/","og_locale":"fr_FR","og_type":"article","og_title":"Prices - G\u00eetes Touts Vents","og_description":"Price for the gite Huguette (Capacity 2 people) \u00a0 AVERAGE season April, May, June, September, October, November HIGH season July and August Sunday, Monday, Tuesday, Wednesday, Thursday 65 \u20ac 135 \u20ac (for 2 people for 2 nights) Friday or Saturday, public holidays 70 \u20ac 135 \u20ac (for 2 people for 2 nights) Week-end (Vendredi + [&hellip;]","og_url":"https:\/\/www.gite-insolite-touraine.fr\/en\/prices\/prices\/","og_site_name":"G\u00eetes Touts Vents","article_modified_time":"2024-06-17T07:25:16+00:00","twitter_card":"summary_large_image","twitter_misc":{"Dur\u00e9e de lecture estim\u00e9e":"4 minutes"},"schema":{"@context":"https:\/\/schema.org","@graph":[{"@type":"WebPage","@id":"https:\/\/www.gite-insolite-touraine.fr\/en\/prices\/prices\/","url":"https:\/\/www.gite-insolite-touraine.fr\/en\/prices\/prices\/","name":"Prices - G\u00eetes Touts Vents","isPartOf":{"@id":"https:\/\/www.gite-insolite-touraine.fr\/en\/#website"},"datePublished":"2018-10-17T16:09:36+00:00","dateModified":"2024-06-17T07:25:16+00:00","breadcrumb":{"@id":"https:\/\/www.gite-insolite-touraine.fr\/en\/prices\/prices\/#breadcrumb"},"inLanguage":"fr-FR","potentialAction":[{"@type":"ReadAction","target":["https:\/\/www.gite-insolite-touraine.fr\/en\/prices\/prices\/"]}]},{"@type":"BreadcrumbList","@id":"https:\/\/www.gite-insolite-touraine.fr\/en\/prices\/prices\/#breadcrumb","itemListElement":[{"@type":"ListItem","position":1,"name":"Accueil","item":"https:\/\/www.gite-insolite-touraine.fr\/en\/"},{"@type":"ListItem","position":2,"name":"Prices","item":"https:\/\/www.gite-insolite-touraine.fr\/en\/prices\/"},{"@type":"ListItem","position":3,"name":"Prices"}]},{"@type":"WebSite","@id":"https:\/\/www.gite-insolite-touraine.fr\/en\/#website","url":"https:\/\/www.gite-insolite-touraine.fr\/en\/","name":"G\u00eetes Touts Vents","description":"H\u00e9bergement insolite au coeur des Ch\u00e2teaux Loire","potentialAction":[{"@type":"SearchAction","target":{"@type":"EntryPoint","urlTemplate":"https:\/\/www.gite-insolite-touraine.fr\/en\/?s={search_term_string}"},"query-input":"required name=search_term_string"}],"inLanguage":"fr-FR"}]}},"_links":{"self":[{"href":"https:\/\/www.gite-insolite-touraine.fr\/en\/wp-json\/wp\/v2\/pages\/37"}],"collection":[{"href":"https:\/\/www.gite-insolite-touraine.fr\/en\/wp-json\/wp\/v2\/pages"}],"about":[{"href":"https:\/\/www.gite-insolite-touraine.fr\/en\/wp-json\/wp\/v2\/types\/page"}],"author":[{"embeddable":true,"href":"https:\/\/www.gite-insolite-touraine.fr\/en\/wp-json\/wp\/v2\/users\/1"}],"replies":[{"embeddable":true,"href":"https:\/\/www.gite-insolite-touraine.fr\/en\/wp-json\/wp\/v2\/comments?post=37"}],"version-history":[{"count":40,"href":"https:\/\/www.gite-insolite-touraine.fr\/en\/wp-json\/wp\/v2\/pages\/37\/revisions"}],"predecessor-version":[{"id":782,"href":"https:\/\/www.gite-insolite-touraine.fr\/en\/wp-json\/wp\/v2\/pages\/37\/revisions\/782"}],"up":[{"embeddable":true,"href":"https:\/\/www.gite-insolite-touraine.fr\/en\/wp-json\/wp\/v2\/pages\/35"}],"wp:attachment":[{"href":"https:\/\/www.gite-insolite-touraine.fr\/en\/wp-json\/wp\/v2\/media?parent=37"}],"curies":[{"name":"wp","href":"https:\/\/api.w.org\/{rel}","templated":true}]}}