{"id":33,"date":"2018-10-17T18:08:27","date_gmt":"2018-10-17T16:08:27","guid":{"rendered":"http:\/\/www.gite-insolite-touraine.fr\/en\/?page_id=33"},"modified":"2019-06-17T13:13:01","modified_gmt":"2019-06-17T11:13:01","slug":"sound-and-light-shows-and-festivals","status":"publish","type":"page","link":"https:\/\/www.gite-insolite-touraine.fr\/en\/discover-the-loire-valley\/sound-and-light-shows-and-festivals\/","title":{"rendered":"Sound and Light shows and Festivals"},"content":{"rendered":"<div class=\"col-md-5\" style=\"border: 1px solid #eee; padding: 0px;\"><style type=\"text\/css\" id=\"gmpMapStyles_5_90355\">\n\t#google_map_easy_5_90355 {\n        width: 100%;\n        height: 475px;\n\t\t\t\t\t\t    }\n\t#gmapControlsNum_5_90355 {\n\t\twidth:100%\t}\n\t.gmpMapDetailsContainer#gmpMapDetailsContainer_5_90355 {\n\t\theight:475px;\n\t}\n\t.gmp_MapPreview#google_map_easy_5_90355 {\n\t\t\/*position:absolute;*\/\n\t\twidth: 100%;\n\t}\n\t#mapConElem_5_90355{\n\t\twidth: 100%\t}\n\t<\/style> <div class=\"gmp_map_opts\" id=\"mapConElem_5_90355\" data-id=\"5\" data-view-id=\"5_90355\" > <div class=\"gmpMapDetailsContainer\" id=\"gmpMapDetailsContainer_5_90355\"> <i class=\"gmpKMLLayersPreloader fa fa-spinner fa-spin\" aria-hidden=\"true\" style=\"display: none;\"><\/i> <div class=\"gmp_MapPreview \" id=\"google_map_easy_5_90355\"><\/div> <\/div> <div class=\"gmpMapMarkerFilters\" id=\"gmpMapMarkerFilters_5_90355\"> <\/div> <div class=\"gmpMapProControlsCon\" id=\"gmpMapProControlsCon_5_90355\"> <\/div> <div class=\"gmpMapProDirectionsCon\" id=\"gmpMapProDirectionsCon_5_90355\" > <\/div> <div class=\"gmpMapProKmlFilterCon\" id=\"gmpMapProKmlFilterCon_5_90355\" > <\/div> <div class=\"gmpSocialSharingShell gmpSocialSharingShell_5_90355\"> <\/div> <div style=\"clear: both;\"><\/div> <\/div> <\/div>\n<div class=\"col-md-7 paddingdecouvrir\">\n<h2>Sound and Light shows and Festivals<\/h2>\n<ul style=\"list-style-type: none;\">\n<li>&#8211; Show at the Court of King Fran\u00e7ois 1er in <strong style=\"font-weight: 500; color: #2cabe1;\">AMBOISE<\/strong> <em>&#8211; (25 km)<\/em><\/li>\n<li>&#8211; Festival of <strong style=\"font-weight: 500; color: #2cabe1;\">MONTOIRE <em>&#8211; <\/em><\/strong><em> (28 km)<\/em><\/li>\n<li>&#8211; Jazz festival in <strong style=\"font-weight: 500; color: #2cabe1;\">MONTLOUIS\/LOIRE<\/strong><em> &#8211; (30 km)<\/em><\/li>\n<li>&#8211; Show \u00ab\u00a0La L\u00e9gende de la source\u00a0\u00bb in <strong style=\"font-weight: 500; color: #2cabe1;\">SEMBLANCAY<\/strong> <em>&#8211; (33 km)<\/em><\/li>\n<\/ul>\n<\/div>\n","protected":false},"excerpt":{"rendered":"<p>Sound and Light shows and Festivals &#8211; Show at the Court of King Fran\u00e7ois 1er in AMBOISE &#8211; (25 km) &#8211; Festival of MONTOIRE &#8211; (28 km) &#8211; Jazz festival in MONTLOUIS\/LOIRE &#8211; (30 km) &#8211; Show \u00ab\u00a0La L\u00e9gende de la source\u00a0\u00bb in SEMBLANCAY &#8211; (33 km)<\/p>\n","protected":false},"author":1,"featured_media":0,"parent":25,"menu_order":0,"comment_status":"closed","ping_status":"closed","template":"","meta":{"footnotes":""},"yoast_head":"<!-- This site is optimized with the Yoast SEO plugin v22.8 - https:\/\/yoast.com\/wordpress\/plugins\/seo\/ -->\n<title>Sound and Light shows and Festivals - G\u00eetes Touts Vents<\/title>\n<meta name=\"robots\" content=\"index, follow, max-snippet:-1, max-image-preview:large, max-video-preview:-1\" \/>\n<link rel=\"canonical\" href=\"https:\/\/www.gite-insolite-touraine.fr\/en\/discover-the-loire-valley\/sound-and-light-shows-and-festivals\/\" \/>\n<meta property=\"og:locale\" content=\"fr_FR\" \/>\n<meta property=\"og:type\" content=\"article\" \/>\n<meta property=\"og:title\" content=\"Sound and Light shows and Festivals - G\u00eetes Touts Vents\" \/>\n<meta property=\"og:description\" content=\"Sound and Light shows and Festivals &#8211; Show at the Court of King Fran\u00e7ois 1er in AMBOISE &#8211; (25 km) &#8211; Festival of MONTOIRE &#8211; (28 km) &#8211; Jazz festival in MONTLOUIS\/LOIRE &#8211; (30 km) &#8211; Show \u00ab\u00a0La L\u00e9gende de la source\u00a0\u00bb in SEMBLANCAY &#8211; (33 km)\" \/>\n<meta property=\"og:url\" content=\"https:\/\/www.gite-insolite-touraine.fr\/en\/discover-the-loire-valley\/sound-and-light-shows-and-festivals\/\" \/>\n<meta property=\"og:site_name\" content=\"G\u00eetes Touts Vents\" \/>\n<meta property=\"article:modified_time\" content=\"2019-06-17T11:13:01+00:00\" \/>\n<meta name=\"twitter:card\" content=\"summary_large_image\" \/>\n<script type=\"application\/ld+json\" class=\"yoast-schema-graph\">{\"@context\":\"https:\/\/schema.org\",\"@graph\":[{\"@type\":\"WebPage\",\"@id\":\"https:\/\/www.gite-insolite-touraine.fr\/en\/discover-the-loire-valley\/sound-and-light-shows-and-festivals\/\",\"url\":\"https:\/\/www.gite-insolite-touraine.fr\/en\/discover-the-loire-valley\/sound-and-light-shows-and-festivals\/\",\"name\":\"Sound and Light shows and Festivals - G\u00eetes Touts Vents\",\"isPartOf\":{\"@id\":\"https:\/\/www.gite-insolite-touraine.fr\/en\/#website\"},\"datePublished\":\"2018-10-17T16:08:27+00:00\",\"dateModified\":\"2019-06-17T11:13:01+00:00\",\"breadcrumb\":{\"@id\":\"https:\/\/www.gite-insolite-touraine.fr\/en\/discover-the-loire-valley\/sound-and-light-shows-and-festivals\/#breadcrumb\"},\"inLanguage\":\"fr-FR\",\"potentialAction\":[{\"@type\":\"ReadAction\",\"target\":[\"https:\/\/www.gite-insolite-touraine.fr\/en\/discover-the-loire-valley\/sound-and-light-shows-and-festivals\/\"]}]},{\"@type\":\"BreadcrumbList\",\"@id\":\"https:\/\/www.gite-insolite-touraine.fr\/en\/discover-the-loire-valley\/sound-and-light-shows-and-festivals\/#breadcrumb\",\"itemListElement\":[{\"@type\":\"ListItem\",\"position\":1,\"name\":\"Accueil\",\"item\":\"https:\/\/www.gite-insolite-touraine.fr\/en\/\"},{\"@type\":\"ListItem\",\"position\":2,\"name\":\"Discover the Loire Valley\",\"item\":\"https:\/\/www.gite-insolite-touraine.fr\/en\/discover-the-loire-valley\/\"},{\"@type\":\"ListItem\",\"position\":3,\"name\":\"Sound and Light shows and Festivals\"}]},{\"@type\":\"WebSite\",\"@id\":\"https:\/\/www.gite-insolite-touraine.fr\/en\/#website\",\"url\":\"https:\/\/www.gite-insolite-touraine.fr\/en\/\",\"name\":\"G\u00eetes Touts Vents\",\"description\":\"H\u00e9bergement insolite au coeur des Ch\u00e2teaux Loire\",\"potentialAction\":[{\"@type\":\"SearchAction\",\"target\":{\"@type\":\"EntryPoint\",\"urlTemplate\":\"https:\/\/www.gite-insolite-touraine.fr\/en\/?s={search_term_string}\"},\"query-input\":\"required name=search_term_string\"}],\"inLanguage\":\"fr-FR\"}]}<\/script>\n<!-- \/ Yoast SEO plugin. -->","yoast_head_json":{"title":"Sound and Light shows and Festivals - G\u00eetes Touts Vents","robots":{"index":"index","follow":"follow","max-snippet":"max-snippet:-1","max-image-preview":"max-image-preview:large","max-video-preview":"max-video-preview:-1"},"canonical":"https:\/\/www.gite-insolite-touraine.fr\/en\/discover-the-loire-valley\/sound-and-light-shows-and-festivals\/","og_locale":"fr_FR","og_type":"article","og_title":"Sound and Light shows and Festivals - G\u00eetes Touts Vents","og_description":"Sound and Light shows and Festivals &#8211; Show at the Court of King Fran\u00e7ois 1er in AMBOISE &#8211; (25 km) &#8211; Festival of MONTOIRE &#8211; (28 km) &#8211; Jazz festival in MONTLOUIS\/LOIRE &#8211; (30 km) &#8211; Show \u00ab\u00a0La L\u00e9gende de la source\u00a0\u00bb in SEMBLANCAY &#8211; (33 km)","og_url":"https:\/\/www.gite-insolite-touraine.fr\/en\/discover-the-loire-valley\/sound-and-light-shows-and-festivals\/","og_site_name":"G\u00eetes Touts Vents","article_modified_time":"2019-06-17T11:13:01+00:00","twitter_card":"summary_large_image","schema":{"@context":"https:\/\/schema.org","@graph":[{"@type":"WebPage","@id":"https:\/\/www.gite-insolite-touraine.fr\/en\/discover-the-loire-valley\/sound-and-light-shows-and-festivals\/","url":"https:\/\/www.gite-insolite-touraine.fr\/en\/discover-the-loire-valley\/sound-and-light-shows-and-festivals\/","name":"Sound and Light shows and Festivals - G\u00eetes Touts Vents","isPartOf":{"@id":"https:\/\/www.gite-insolite-touraine.fr\/en\/#website"},"datePublished":"2018-10-17T16:08:27+00:00","dateModified":"2019-06-17T11:13:01+00:00","breadcrumb":{"@id":"https:\/\/www.gite-insolite-touraine.fr\/en\/discover-the-loire-valley\/sound-and-light-shows-and-festivals\/#breadcrumb"},"inLanguage":"fr-FR","potentialAction":[{"@type":"ReadAction","target":["https:\/\/www.gite-insolite-touraine.fr\/en\/discover-the-loire-valley\/sound-and-light-shows-and-festivals\/"]}]},{"@type":"BreadcrumbList","@id":"https:\/\/www.gite-insolite-touraine.fr\/en\/discover-the-loire-valley\/sound-and-light-shows-and-festivals\/#breadcrumb","itemListElement":[{"@type":"ListItem","position":1,"name":"Accueil","item":"https:\/\/www.gite-insolite-touraine.fr\/en\/"},{"@type":"ListItem","position":2,"name":"Discover the Loire Valley","item":"https:\/\/www.gite-insolite-touraine.fr\/en\/discover-the-loire-valley\/"},{"@type":"ListItem","position":3,"name":"Sound and Light shows and Festivals"}]},{"@type":"WebSite","@id":"https:\/\/www.gite-insolite-touraine.fr\/en\/#website","url":"https:\/\/www.gite-insolite-touraine.fr\/en\/","name":"G\u00eetes Touts Vents","description":"H\u00e9bergement insolite au coeur des Ch\u00e2teaux Loire","potentialAction":[{"@type":"SearchAction","target":{"@type":"EntryPoint","urlTemplate":"https:\/\/www.gite-insolite-touraine.fr\/en\/?s={search_term_string}"},"query-input":"required name=search_term_string"}],"inLanguage":"fr-FR"}]}},"_links":{"self":[{"href":"https:\/\/www.gite-insolite-touraine.fr\/en\/wp-json\/wp\/v2\/pages\/33"}],"collection":[{"href":"https:\/\/www.gite-insolite-touraine.fr\/en\/wp-json\/wp\/v2\/pages"}],"about":[{"href":"https:\/\/www.gite-insolite-touraine.fr\/en\/wp-json\/wp\/v2\/types\/page"}],"author":[{"embeddable":true,"href":"https:\/\/www.gite-insolite-touraine.fr\/en\/wp-json\/wp\/v2\/users\/1"}],"replies":[{"embeddable":true,"href":"https:\/\/www.gite-insolite-touraine.fr\/en\/wp-json\/wp\/v2\/comments?post=33"}],"version-history":[{"count":15,"href":"https:\/\/www.gite-insolite-touraine.fr\/en\/wp-json\/wp\/v2\/pages\/33\/revisions"}],"predecessor-version":[{"id":691,"href":"https:\/\/www.gite-insolite-touraine.fr\/en\/wp-json\/wp\/v2\/pages\/33\/revisions\/691"}],"up":[{"embeddable":true,"href":"https:\/\/www.gite-insolite-touraine.fr\/en\/wp-json\/wp\/v2\/pages\/25"}],"wp:attachment":[{"href":"https:\/\/www.gite-insolite-touraine.fr\/en\/wp-json\/wp\/v2\/media?parent=33"}],"curies":[{"name":"wp","href":"https:\/\/api.w.org\/{rel}","templated":true}]}}