{"id":316,"date":"2018-11-15T12:08:52","date_gmt":"2018-11-15T11:08:52","guid":{"rendered":"http:\/\/www.gite-insolite-touraine.fr\/en\/?page_id=316"},"modified":"2020-10-23T14:09:10","modified_gmt":"2020-10-23T12:09:10","slug":"informations-and-regulation","status":"publish","type":"page","link":"https:\/\/www.gite-insolite-touraine.fr\/en\/informations-and-regulation\/","title":{"rendered":"Informations and regulation"},"content":{"rendered":"<h2>Practical information<\/h2>\n<p><strong>Breakfasts are organic (BIO)<\/strong> and served between 7.30 am and 9.30 am at the price of<strong> 7.5 \u20ac\/adult<\/strong> and<strong> 5 \u20ac\/child<\/strong> under 10 years old. <br \/>\n<strong>The swimming pool<\/strong> is open from 12pm to 9pm, the regulation is to be read on site. <br \/>\n<strong>Pets<\/strong> are allowed under reservation. <br \/>\n<strong>Free WIFI<\/strong> is available in the cottages. For <a href=\"https:\/\/www.gite-insolite-touraine.fr\/en\/nos-gites\/roulotte-huguette\/\">Huguette<\/a> and Ranch Jack, it&rsquo;s in a nearby room. <br \/>\nOn-site presence of <strong>horses, cats and dogs<\/strong>. <br \/>\nSelective sorting bins are available for the benefit of the planet and your children.<\/p>\n<h2>Regulation<\/h2>\n<p><strong>Good gift<\/strong> : for weddings, birthdays&#8230; possibility to send a gift voucher that is valid for 1 year and gives you time to choose your date.<br \/>\n<strong>Conditions and rules<\/strong> : the reservation must be done by e-mail, Internet, telephone or mail. We will block your date pending your deposit by 30%. The payment of the balance is made at the handing over of the keys. <br \/>\n<strong>Means of payment accepted<\/strong> : bank cheque payable to Patricia PAUMERAT, bank transfer IBAN, holiday vouchers, cash. <br \/>\n<strong>Check-in and check-out<\/strong> : arrivals are between 6pm and 8pm (Please warn us if you will arrive after 8pm). On the day of your departure, the cottages must be vacated for 11am. <br \/>\n<strong>Cancellation<\/strong> : for any stay cancelled 1 month before the date of arrival, the deposit will remain acquired. In case of interruption of your stay, no refunds are provided. <br \/>\n<strong>The number of people<\/strong> mentioned for each bed and breakfast corresponds to the maximum occupancy allowed given the equipment available.<br \/>\n<strong>The cleaning<\/strong> is to be done by yourself, or you will have an end of stay cleanup addition : <strong>25 euros<\/strong><\/p>\n","protected":false},"excerpt":{"rendered":"<p>Practical information Breakfasts are organic (BIO) and served between 7.30 am and 9.30 am at the price of 7.5 \u20ac\/adult and 5 \u20ac\/child under 10 years old. The swimming pool is open from 12pm to 9pm, the regulation is to be read on site. Pets are allowed under reservation. Free WIFI is available in the [&hellip;]<\/p>\n","protected":false},"author":1,"featured_media":0,"parent":0,"menu_order":0,"comment_status":"closed","ping_status":"closed","template":"","meta":{"footnotes":""},"yoast_head":"<!-- This site is optimized with the Yoast SEO plugin v22.8 - https:\/\/yoast.com\/wordpress\/plugins\/seo\/ -->\n<title>Informations and regulation - G\u00eetes Touts Vents<\/title>\n<meta name=\"robots\" content=\"index, follow, max-snippet:-1, max-image-preview:large, max-video-preview:-1\" \/>\n<link rel=\"canonical\" href=\"https:\/\/www.gite-insolite-touraine.fr\/en\/informations-and-regulation\/\" \/>\n<meta property=\"og:locale\" content=\"fr_FR\" \/>\n<meta property=\"og:type\" content=\"article\" \/>\n<meta property=\"og:title\" content=\"Informations and regulation - G\u00eetes Touts Vents\" \/>\n<meta property=\"og:description\" content=\"Practical information Breakfasts are organic (BIO) and served between 7.30 am and 9.30 am at the price of 7.5 \u20ac\/adult and 5 \u20ac\/child under 10 years old. The swimming pool is open from 12pm to 9pm, the regulation is to be read on site. Pets are allowed under reservation. Free WIFI is available in the [&hellip;]\" \/>\n<meta property=\"og:url\" content=\"https:\/\/www.gite-insolite-touraine.fr\/en\/informations-and-regulation\/\" \/>\n<meta property=\"og:site_name\" content=\"G\u00eetes Touts Vents\" \/>\n<meta property=\"article:modified_time\" content=\"2020-10-23T12:09:10+00:00\" \/>\n<meta name=\"twitter:card\" content=\"summary_large_image\" \/>\n<meta name=\"twitter:label1\" content=\"Dur\u00e9e de lecture estim\u00e9e\" \/>\n\t<meta name=\"twitter:data1\" content=\"1 minute\" \/>\n<script type=\"application\/ld+json\" class=\"yoast-schema-graph\">{\"@context\":\"https:\/\/schema.org\",\"@graph\":[{\"@type\":\"WebPage\",\"@id\":\"https:\/\/www.gite-insolite-touraine.fr\/en\/informations-and-regulation\/\",\"url\":\"https:\/\/www.gite-insolite-touraine.fr\/en\/informations-and-regulation\/\",\"name\":\"Informations and regulation - G\u00eetes Touts Vents\",\"isPartOf\":{\"@id\":\"https:\/\/www.gite-insolite-touraine.fr\/en\/#website\"},\"datePublished\":\"2018-11-15T11:08:52+00:00\",\"dateModified\":\"2020-10-23T12:09:10+00:00\",\"breadcrumb\":{\"@id\":\"https:\/\/www.gite-insolite-touraine.fr\/en\/informations-and-regulation\/#breadcrumb\"},\"inLanguage\":\"fr-FR\",\"potentialAction\":[{\"@type\":\"ReadAction\",\"target\":[\"https:\/\/www.gite-insolite-touraine.fr\/en\/informations-and-regulation\/\"]}]},{\"@type\":\"BreadcrumbList\",\"@id\":\"https:\/\/www.gite-insolite-touraine.fr\/en\/informations-and-regulation\/#breadcrumb\",\"itemListElement\":[{\"@type\":\"ListItem\",\"position\":1,\"name\":\"Accueil\",\"item\":\"https:\/\/www.gite-insolite-touraine.fr\/en\/\"},{\"@type\":\"ListItem\",\"position\":2,\"name\":\"Informations and regulation\"}]},{\"@type\":\"WebSite\",\"@id\":\"https:\/\/www.gite-insolite-touraine.fr\/en\/#website\",\"url\":\"https:\/\/www.gite-insolite-touraine.fr\/en\/\",\"name\":\"G\u00eetes Touts Vents\",\"description\":\"H\u00e9bergement insolite au coeur des Ch\u00e2teaux Loire\",\"potentialAction\":[{\"@type\":\"SearchAction\",\"target\":{\"@type\":\"EntryPoint\",\"urlTemplate\":\"https:\/\/www.gite-insolite-touraine.fr\/en\/?s={search_term_string}\"},\"query-input\":\"required name=search_term_string\"}],\"inLanguage\":\"fr-FR\"}]}<\/script>\n<!-- \/ Yoast SEO plugin. -->","yoast_head_json":{"title":"Informations and regulation - G\u00eetes Touts Vents","robots":{"index":"index","follow":"follow","max-snippet":"max-snippet:-1","max-image-preview":"max-image-preview:large","max-video-preview":"max-video-preview:-1"},"canonical":"https:\/\/www.gite-insolite-touraine.fr\/en\/informations-and-regulation\/","og_locale":"fr_FR","og_type":"article","og_title":"Informations and regulation - G\u00eetes Touts Vents","og_description":"Practical information Breakfasts are organic (BIO) and served between 7.30 am and 9.30 am at the price of 7.5 \u20ac\/adult and 5 \u20ac\/child under 10 years old. The swimming pool is open from 12pm to 9pm, the regulation is to be read on site. Pets are allowed under reservation. Free WIFI is available in the [&hellip;]","og_url":"https:\/\/www.gite-insolite-touraine.fr\/en\/informations-and-regulation\/","og_site_name":"G\u00eetes Touts Vents","article_modified_time":"2020-10-23T12:09:10+00:00","twitter_card":"summary_large_image","twitter_misc":{"Dur\u00e9e de lecture estim\u00e9e":"1 minute"},"schema":{"@context":"https:\/\/schema.org","@graph":[{"@type":"WebPage","@id":"https:\/\/www.gite-insolite-touraine.fr\/en\/informations-and-regulation\/","url":"https:\/\/www.gite-insolite-touraine.fr\/en\/informations-and-regulation\/","name":"Informations and regulation - G\u00eetes Touts Vents","isPartOf":{"@id":"https:\/\/www.gite-insolite-touraine.fr\/en\/#website"},"datePublished":"2018-11-15T11:08:52+00:00","dateModified":"2020-10-23T12:09:10+00:00","breadcrumb":{"@id":"https:\/\/www.gite-insolite-touraine.fr\/en\/informations-and-regulation\/#breadcrumb"},"inLanguage":"fr-FR","potentialAction":[{"@type":"ReadAction","target":["https:\/\/www.gite-insolite-touraine.fr\/en\/informations-and-regulation\/"]}]},{"@type":"BreadcrumbList","@id":"https:\/\/www.gite-insolite-touraine.fr\/en\/informations-and-regulation\/#breadcrumb","itemListElement":[{"@type":"ListItem","position":1,"name":"Accueil","item":"https:\/\/www.gite-insolite-touraine.fr\/en\/"},{"@type":"ListItem","position":2,"name":"Informations and regulation"}]},{"@type":"WebSite","@id":"https:\/\/www.gite-insolite-touraine.fr\/en\/#website","url":"https:\/\/www.gite-insolite-touraine.fr\/en\/","name":"G\u00eetes Touts Vents","description":"H\u00e9bergement insolite au coeur des Ch\u00e2teaux Loire","potentialAction":[{"@type":"SearchAction","target":{"@type":"EntryPoint","urlTemplate":"https:\/\/www.gite-insolite-touraine.fr\/en\/?s={search_term_string}"},"query-input":"required name=search_term_string"}],"inLanguage":"fr-FR"}]}},"_links":{"self":[{"href":"https:\/\/www.gite-insolite-touraine.fr\/en\/wp-json\/wp\/v2\/pages\/316"}],"collection":[{"href":"https:\/\/www.gite-insolite-touraine.fr\/en\/wp-json\/wp\/v2\/pages"}],"about":[{"href":"https:\/\/www.gite-insolite-touraine.fr\/en\/wp-json\/wp\/v2\/types\/page"}],"author":[{"embeddable":true,"href":"https:\/\/www.gite-insolite-touraine.fr\/en\/wp-json\/wp\/v2\/users\/1"}],"replies":[{"embeddable":true,"href":"https:\/\/www.gite-insolite-touraine.fr\/en\/wp-json\/wp\/v2\/comments?post=316"}],"version-history":[{"count":23,"href":"https:\/\/www.gite-insolite-touraine.fr\/en\/wp-json\/wp\/v2\/pages\/316\/revisions"}],"predecessor-version":[{"id":722,"href":"https:\/\/www.gite-insolite-touraine.fr\/en\/wp-json\/wp\/v2\/pages\/316\/revisions\/722"}],"wp:attachment":[{"href":"https:\/\/www.gite-insolite-touraine.fr\/en\/wp-json\/wp\/v2\/media?parent=316"}],"curies":[{"name":"wp","href":"https:\/\/api.w.org\/{rel}","templated":true}]}}