{"id":31,"date":"2018-10-17T18:07:53","date_gmt":"2018-10-17T16:07:53","guid":{"rendered":"http:\/\/www.gite-insolite-touraine.fr\/en\/?page_id=31"},"modified":"2019-06-17T13:10:12","modified_gmt":"2019-06-17T11:10:12","slug":"gardens-and-heritage","status":"publish","type":"page","link":"https:\/\/www.gite-insolite-touraine.fr\/en\/discover-the-loire-valley\/gardens-and-heritage\/","title":{"rendered":"Gardens and Heritage"},"content":{"rendered":"<div class=\"col-md-12\" style=\"padding: 0px;\">\n<div class=\"col-md-5\" style=\"border: 1px solid #eee; padding: 0px;\"><style type=\"text\/css\" id=\"gmpMapStyles_3_88011\">\n\t#google_map_easy_3_88011 {\n        width: 100%;\n        height: 450px;\n\t\t\t\t\t\t    }\n\t#gmapControlsNum_3_88011 {\n\t\twidth:100%\t}\n\t.gmpMapDetailsContainer#gmpMapDetailsContainer_3_88011 {\n\t\theight:450px;\n\t}\n\t.gmp_MapPreview#google_map_easy_3_88011 {\n\t\t\/*position:absolute;*\/\n\t\twidth: 100%;\n\t}\n\t#mapConElem_3_88011{\n\t\twidth: 100%\t}\n\t<\/style> <div class=\"gmp_map_opts\" id=\"mapConElem_3_88011\" data-id=\"3\" data-view-id=\"3_88011\" > <div class=\"gmpMapDetailsContainer\" id=\"gmpMapDetailsContainer_3_88011\"> <i class=\"gmpKMLLayersPreloader fa fa-spinner fa-spin\" aria-hidden=\"true\" style=\"display: none;\"><\/i> <div class=\"gmp_MapPreview \" id=\"google_map_easy_3_88011\"><\/div> <\/div> <div class=\"gmpMapMarkerFilters\" id=\"gmpMapMarkerFilters_3_88011\"> <\/div> <div class=\"gmpMapProControlsCon\" id=\"gmpMapProControlsCon_3_88011\"> <\/div> <div class=\"gmpMapProDirectionsCon\" id=\"gmpMapProDirectionsCon_3_88011\" > <\/div> <div class=\"gmpMapProKmlFilterCon\" id=\"gmpMapProKmlFilterCon_3_88011\" > <\/div> <div class=\"gmpSocialSharingShell gmpSocialSharingShell_3_88011\"> <\/div> <div style=\"clear: both;\"><\/div> <\/div> <\/div>\n<div class=\"col-md-7 paddingdecouvrir\">\n<h2>Gardens<\/h2>\n<ul style=\"list-style-type: none;\">\n<li>&#8211; Arboretum of <strong style=\"font-weight: 500; color: #2cabe1;\">MONTHODON <em>&#8211; <\/em><\/strong><em> (14 km)<\/em><\/li>\n<li>&#8211; Gardens of <strong style=\"font-weight: 500; color: #2cabe1;\">VALMER<\/strong> <em>&#8211; (17 km)<\/em><\/li>\n<li>&#8211; Gardens of <strong style=\"font-weight: 500; color: #2cabe1;\">SASNIERE<\/strong> <em>&#8211; (17 km)<\/em><\/li>\n<li>&#8211; Priory d\u2019<strong style=\"font-weight: 500; color: #2cabe1;\">ORCHAISE<\/strong> <em>&#8211; (19 km)<\/em><\/li>\n<li>&#8211; International gardens of <strong style=\"font-weight: 500; color: #2cabe1;\">CHAUMONT SUR LOIRE<\/strong><em> &#8211; (26 km)<\/em><\/li>\n<li>&#8211; Gardens of <strong style=\"font-weight: 500; color: #2cabe1;\">CLOS LUCE<\/strong> et du ch\u00e2teau \u00e0 <strong style=\"font-weight: 500; color: #2cabe1;\">AMBOISE<\/strong> <em>&#8211; (25 km)<\/em><\/li>\n<li>&#8211; Botanical park of the <strong style=\"font-weight: 500; color: #2cabe1;\">FOSSE<\/strong> <em>&#8211; (28 km)<\/em><\/li>\n<li>&#8211; Botanical garden of <strong style=\"font-weight: 500; color: #2cabe1;\">TOURS<\/strong> <em>&#8211; (31 km)<\/em><\/li>\n<\/ul>\n<\/div>\n<\/div>\n<div class=\"col-md-12\" style=\"padding: 0px; margin-top: 30px;\">\n<div class=\"col-md-7 paddingdecouvrir2\">\n<h2>Heritage (castles, churches, museums)<\/h2>\n<ul style=\"list-style-type: none;\">\n<li><strong>Castles<\/strong><\/li>\n<li>&#8211; <strong style=\"font-weight: 500; color: #2cabe1;\">AMBOISE<\/strong> and <strong style=\"font-weight: 500; color: #2cabe1;\">CHAUMONT SUR LOIRE<\/strong> <em>&#8211; (23 km)<\/em><\/li>\n<li>&#8211; <strong style=\"font-weight: 500; color: #2cabe1;\">JALLANGES<\/strong> in Vernou sur Brenne <em>&#8211; (26 km)<\/em><\/li>\n<li>&#8211; <strong style=\"font-weight: 500; color: #2cabe1;\">BLOIS<\/strong> <em>&#8211; (28 km)<\/em><\/li>\n<li>&#8211; <strong style=\"font-weight: 500; color: #2cabe1;\">CHENONCEAUX<\/strong> <em>&#8211; (32 km)<\/em><\/li>\n<\/ul>\n<p><em>Between half an hour and an hour away : <strong style=\"font-weight: 500; color: #2cabe1;\">AZAY le RIDEAU, CHAMBORD, CHEVERNY, CHINON, LANGEAIS, LOCHES, USSE, VILLANDRY<\/strong>.<\/em><\/p>\n<ul style=\"list-style-type: none;\">\n<li><strong><span style=\"text-decoration: underline;\">Churches, basilicas<\/span> <\/strong><\/li>\n<li>&#8211; between 11th and 16th centuries: churches of Saunay <em>&#8211; (2 km)<\/em>, Ch\u00e2teau-Renault<em> &#8211; (2 km)<\/em>, St Laurent en G\u00e2tine <em>&#8211; (5 km)<\/em><\/li>\n<li>&#8211; <strong style=\"font-weight: 500; color: #2cabe1;\">Basilique St MARTIN<\/strong> in Tours and <strong style=\"font-weight: 500; color: #2cabe1;\">cath\u00e9drale ST GATIEN<em> &#8211; <\/em><\/strong><em> (30 km)<\/em><\/li>\n<li>&#8211; <strong style=\"font-weight: 500; color: #2cabe1;\">Basilique Notre DAME LA TRINITE<\/strong> and <strong style=\"font-weight: 500; color: #2cabe1;\">cath\u00e9drale ST LOUIS \u00e0 BLOIS<\/strong> <em>&#8211; (28 km)<\/em><\/li>\n<\/ul>\n<ul style=\"list-style-type: none;\">\n<li><strong>Museums<\/strong><\/li>\n<li>&#8211; <span style=\"text-decoration: underline;\">Ch\u00e2teau-Renault <em>&#8211; (2 km)<\/em> <\/span>: museum of <strong style=\"font-weight: 500; color: #2cabe1;\">DU CUIR<\/strong> and <strong style=\"font-weight: 500; color: #2cabe1;\">TANNERIE<\/strong><\/li>\n<li>&#8211; <span style=\"text-decoration: underline;\">Amboise <em>&#8211; (25 km)<\/em> <\/span>: museum <strong style=\"font-weight: 500; color: #2cabe1;\">LEONARD VINCI<\/strong><\/li>\n<li>&#8211; <span style=\"text-decoration: underline;\">Blois<em> &#8211; (28 km)<\/em> <\/span>: <strong style=\"font-weight: 500; color: #2cabe1;\">ARCHEOLOGICAL<\/strong> museum, museum of <strong style=\"font-weight: 500; color: #2cabe1;\">RELIGIOUS ART, <\/strong>museum of <strong style=\"font-weight: 500; color: #2cabe1;\">NATURAL HISTORY<\/strong>, museum of the <strong style=\"font-weight: 500; color: #2cabe1;\">OBJECT<\/strong> and museum of the French <strong style=\"font-weight: 500; color: #2cabe1;\">RESISTANCE<\/strong>.<\/li>\n<li>&#8211; <span style=\"text-decoration: underline;\">Tours <em>&#8211; (30 km)<\/em><\/span> : museum of the <strong style=\"font-weight: 500; color: #2cabe1;\">BEAUX ARTS<\/strong>, museum of the <strong style=\"font-weight: 500; color: #2cabe1;\">COMPAGNONNAGE<\/strong>, museum of the <strong style=\"font-weight: 500; color: #2cabe1;\">NATURAL HISTORY<\/strong>, museum of <strong style=\"font-weight: 500; color: #2cabe1;\">SAINT MARTIN<\/strong>, museum of the <strong style=\"font-weight: 500; color: #2cabe1;\">TRAIN<\/strong> et des <strong style=\"font-weight: 500; color: #2cabe1;\">MILITARY EQUIPEMENTS<\/strong> museum of <strong style=\"font-weight: 500; color: #2cabe1;\">VINS<\/strong>.<\/li>\n<\/ul>\n<\/div>\n<div class=\"col-md-5\" style=\"border: 1px solid #eee; padding: 0px;\"><style type=\"text\/css\" id=\"gmpMapStyles_4_71245\">\n\t#google_map_easy_4_71245 {\n        width: 100%;\n        height: 800px;\n\t\t\t\t\t\t    }\n\t#gmapControlsNum_4_71245 {\n\t\twidth:100%\t}\n\t.gmpMapDetailsContainer#gmpMapDetailsContainer_4_71245 {\n\t\theight:800px;\n\t}\n\t.gmp_MapPreview#google_map_easy_4_71245 {\n\t\t\/*position:absolute;*\/\n\t\twidth: 100%;\n\t}\n\t#mapConElem_4_71245{\n\t\twidth: 100%\t}\n\t<\/style> <div class=\"gmp_map_opts\" id=\"mapConElem_4_71245\" data-id=\"4\" data-view-id=\"4_71245\" > <div class=\"gmpMapDetailsContainer\" id=\"gmpMapDetailsContainer_4_71245\"> <i class=\"gmpKMLLayersPreloader fa fa-spinner fa-spin\" aria-hidden=\"true\" style=\"display: none;\"><\/i> <div class=\"gmp_MapPreview \" id=\"google_map_easy_4_71245\"><\/div> <\/div> <div class=\"gmpMapMarkerFilters\" id=\"gmpMapMarkerFilters_4_71245\"> <\/div> <div class=\"gmpMapProControlsCon\" id=\"gmpMapProControlsCon_4_71245\"> <\/div> <div class=\"gmpMapProDirectionsCon\" id=\"gmpMapProDirectionsCon_4_71245\" > <\/div> <div class=\"gmpMapProKmlFilterCon\" id=\"gmpMapProKmlFilterCon_4_71245\" > <\/div> <div class=\"gmpSocialSharingShell gmpSocialSharingShell_4_71245\"> <\/div> <div style=\"clear: both;\"><\/div> <\/div> <\/div>\n<\/div>\n","protected":false},"excerpt":{"rendered":"<p>Gardens &#8211; Arboretum of MONTHODON &#8211; (14 km) &#8211; Gardens of VALMER &#8211; (17 km) &#8211; Gardens of SASNIERE &#8211; (17 km) &#8211; Priory d\u2019ORCHAISE &#8211; (19 km) &#8211; International gardens of CHAUMONT SUR LOIRE &#8211; (26 km) &#8211; Gardens of CLOS LUCE et du ch\u00e2teau \u00e0 AMBOISE &#8211; (25 km) &#8211; Botanical park of [&hellip;]<\/p>\n","protected":false},"author":1,"featured_media":0,"parent":25,"menu_order":0,"comment_status":"closed","ping_status":"closed","template":"","meta":{"footnotes":""},"yoast_head":"<!-- This site is optimized with the Yoast SEO plugin v22.8 - https:\/\/yoast.com\/wordpress\/plugins\/seo\/ -->\n<title>Gardens and Heritage - G\u00eetes Touts Vents<\/title>\n<meta name=\"robots\" content=\"index, follow, max-snippet:-1, max-image-preview:large, max-video-preview:-1\" \/>\n<link rel=\"canonical\" href=\"https:\/\/www.gite-insolite-touraine.fr\/en\/discover-the-loire-valley\/gardens-and-heritage\/\" \/>\n<meta property=\"og:locale\" content=\"fr_FR\" \/>\n<meta property=\"og:type\" content=\"article\" \/>\n<meta property=\"og:title\" content=\"Gardens and Heritage - G\u00eetes Touts Vents\" \/>\n<meta property=\"og:description\" content=\"Gardens &#8211; Arboretum of MONTHODON &#8211; (14 km) &#8211; Gardens of VALMER &#8211; (17 km) &#8211; Gardens of SASNIERE &#8211; (17 km) &#8211; Priory d\u2019ORCHAISE &#8211; (19 km) &#8211; International gardens of CHAUMONT SUR LOIRE &#8211; (26 km) &#8211; Gardens of CLOS LUCE et du ch\u00e2teau \u00e0 AMBOISE &#8211; (25 km) &#8211; Botanical park of [&hellip;]\" \/>\n<meta property=\"og:url\" content=\"https:\/\/www.gite-insolite-touraine.fr\/en\/discover-the-loire-valley\/gardens-and-heritage\/\" \/>\n<meta property=\"og:site_name\" content=\"G\u00eetes Touts Vents\" \/>\n<meta property=\"article:modified_time\" content=\"2019-06-17T11:10:12+00:00\" \/>\n<meta name=\"twitter:card\" content=\"summary_large_image\" \/>\n<meta name=\"twitter:label1\" content=\"Dur\u00e9e de lecture estim\u00e9e\" \/>\n\t<meta name=\"twitter:data1\" content=\"1 minute\" \/>\n<script type=\"application\/ld+json\" class=\"yoast-schema-graph\">{\"@context\":\"https:\/\/schema.org\",\"@graph\":[{\"@type\":\"WebPage\",\"@id\":\"https:\/\/www.gite-insolite-touraine.fr\/en\/discover-the-loire-valley\/gardens-and-heritage\/\",\"url\":\"https:\/\/www.gite-insolite-touraine.fr\/en\/discover-the-loire-valley\/gardens-and-heritage\/\",\"name\":\"Gardens and Heritage - G\u00eetes Touts Vents\",\"isPartOf\":{\"@id\":\"https:\/\/www.gite-insolite-touraine.fr\/en\/#website\"},\"datePublished\":\"2018-10-17T16:07:53+00:00\",\"dateModified\":\"2019-06-17T11:10:12+00:00\",\"breadcrumb\":{\"@id\":\"https:\/\/www.gite-insolite-touraine.fr\/en\/discover-the-loire-valley\/gardens-and-heritage\/#breadcrumb\"},\"inLanguage\":\"fr-FR\",\"potentialAction\":[{\"@type\":\"ReadAction\",\"target\":[\"https:\/\/www.gite-insolite-touraine.fr\/en\/discover-the-loire-valley\/gardens-and-heritage\/\"]}]},{\"@type\":\"BreadcrumbList\",\"@id\":\"https:\/\/www.gite-insolite-touraine.fr\/en\/discover-the-loire-valley\/gardens-and-heritage\/#breadcrumb\",\"itemListElement\":[{\"@type\":\"ListItem\",\"position\":1,\"name\":\"Accueil\",\"item\":\"https:\/\/www.gite-insolite-touraine.fr\/en\/\"},{\"@type\":\"ListItem\",\"position\":2,\"name\":\"Discover the Loire Valley\",\"item\":\"https:\/\/www.gite-insolite-touraine.fr\/en\/discover-the-loire-valley\/\"},{\"@type\":\"ListItem\",\"position\":3,\"name\":\"Gardens and Heritage\"}]},{\"@type\":\"WebSite\",\"@id\":\"https:\/\/www.gite-insolite-touraine.fr\/en\/#website\",\"url\":\"https:\/\/www.gite-insolite-touraine.fr\/en\/\",\"name\":\"G\u00eetes Touts Vents\",\"description\":\"H\u00e9bergement insolite au coeur des Ch\u00e2teaux Loire\",\"potentialAction\":[{\"@type\":\"SearchAction\",\"target\":{\"@type\":\"EntryPoint\",\"urlTemplate\":\"https:\/\/www.gite-insolite-touraine.fr\/en\/?s={search_term_string}\"},\"query-input\":\"required name=search_term_string\"}],\"inLanguage\":\"fr-FR\"}]}<\/script>\n<!-- \/ Yoast SEO plugin. -->","yoast_head_json":{"title":"Gardens and Heritage - G\u00eetes Touts Vents","robots":{"index":"index","follow":"follow","max-snippet":"max-snippet:-1","max-image-preview":"max-image-preview:large","max-video-preview":"max-video-preview:-1"},"canonical":"https:\/\/www.gite-insolite-touraine.fr\/en\/discover-the-loire-valley\/gardens-and-heritage\/","og_locale":"fr_FR","og_type":"article","og_title":"Gardens and Heritage - G\u00eetes Touts Vents","og_description":"Gardens &#8211; Arboretum of MONTHODON &#8211; (14 km) &#8211; Gardens of VALMER &#8211; (17 km) &#8211; Gardens of SASNIERE &#8211; (17 km) &#8211; Priory d\u2019ORCHAISE &#8211; (19 km) &#8211; International gardens of CHAUMONT SUR LOIRE &#8211; (26 km) &#8211; Gardens of CLOS LUCE et du ch\u00e2teau \u00e0 AMBOISE &#8211; (25 km) &#8211; Botanical park of [&hellip;]","og_url":"https:\/\/www.gite-insolite-touraine.fr\/en\/discover-the-loire-valley\/gardens-and-heritage\/","og_site_name":"G\u00eetes Touts Vents","article_modified_time":"2019-06-17T11:10:12+00:00","twitter_card":"summary_large_image","twitter_misc":{"Dur\u00e9e de lecture estim\u00e9e":"1 minute"},"schema":{"@context":"https:\/\/schema.org","@graph":[{"@type":"WebPage","@id":"https:\/\/www.gite-insolite-touraine.fr\/en\/discover-the-loire-valley\/gardens-and-heritage\/","url":"https:\/\/www.gite-insolite-touraine.fr\/en\/discover-the-loire-valley\/gardens-and-heritage\/","name":"Gardens and Heritage - G\u00eetes Touts Vents","isPartOf":{"@id":"https:\/\/www.gite-insolite-touraine.fr\/en\/#website"},"datePublished":"2018-10-17T16:07:53+00:00","dateModified":"2019-06-17T11:10:12+00:00","breadcrumb":{"@id":"https:\/\/www.gite-insolite-touraine.fr\/en\/discover-the-loire-valley\/gardens-and-heritage\/#breadcrumb"},"inLanguage":"fr-FR","potentialAction":[{"@type":"ReadAction","target":["https:\/\/www.gite-insolite-touraine.fr\/en\/discover-the-loire-valley\/gardens-and-heritage\/"]}]},{"@type":"BreadcrumbList","@id":"https:\/\/www.gite-insolite-touraine.fr\/en\/discover-the-loire-valley\/gardens-and-heritage\/#breadcrumb","itemListElement":[{"@type":"ListItem","position":1,"name":"Accueil","item":"https:\/\/www.gite-insolite-touraine.fr\/en\/"},{"@type":"ListItem","position":2,"name":"Discover the Loire Valley","item":"https:\/\/www.gite-insolite-touraine.fr\/en\/discover-the-loire-valley\/"},{"@type":"ListItem","position":3,"name":"Gardens and Heritage"}]},{"@type":"WebSite","@id":"https:\/\/www.gite-insolite-touraine.fr\/en\/#website","url":"https:\/\/www.gite-insolite-touraine.fr\/en\/","name":"G\u00eetes Touts Vents","description":"H\u00e9bergement insolite au coeur des Ch\u00e2teaux Loire","potentialAction":[{"@type":"SearchAction","target":{"@type":"EntryPoint","urlTemplate":"https:\/\/www.gite-insolite-touraine.fr\/en\/?s={search_term_string}"},"query-input":"required name=search_term_string"}],"inLanguage":"fr-FR"}]}},"_links":{"self":[{"href":"https:\/\/www.gite-insolite-touraine.fr\/en\/wp-json\/wp\/v2\/pages\/31"}],"collection":[{"href":"https:\/\/www.gite-insolite-touraine.fr\/en\/wp-json\/wp\/v2\/pages"}],"about":[{"href":"https:\/\/www.gite-insolite-touraine.fr\/en\/wp-json\/wp\/v2\/types\/page"}],"author":[{"embeddable":true,"href":"https:\/\/www.gite-insolite-touraine.fr\/en\/wp-json\/wp\/v2\/users\/1"}],"replies":[{"embeddable":true,"href":"https:\/\/www.gite-insolite-touraine.fr\/en\/wp-json\/wp\/v2\/comments?post=31"}],"version-history":[{"count":26,"href":"https:\/\/www.gite-insolite-touraine.fr\/en\/wp-json\/wp\/v2\/pages\/31\/revisions"}],"predecessor-version":[{"id":689,"href":"https:\/\/www.gite-insolite-touraine.fr\/en\/wp-json\/wp\/v2\/pages\/31\/revisions\/689"}],"up":[{"embeddable":true,"href":"https:\/\/www.gite-insolite-touraine.fr\/en\/wp-json\/wp\/v2\/pages\/25"}],"wp:attachment":[{"href":"https:\/\/www.gite-insolite-touraine.fr\/en\/wp-json\/wp\/v2\/media?parent=31"}],"curies":[{"name":"wp","href":"https:\/\/api.w.org\/{rel}","templated":true}]}}