{"id":29,"date":"2018-10-17T18:07:12","date_gmt":"2018-10-17T16:07:12","guid":{"rendered":"http:\/\/www.gite-insolite-touraine.fr\/en\/?page_id=29"},"modified":"2019-06-17T12:59:32","modified_gmt":"2019-06-17T10:59:32","slug":"curiosoties-vigneyars","status":"publish","type":"page","link":"https:\/\/www.gite-insolite-touraine.fr\/en\/discover-the-loire-valley\/curiosoties-vigneyars\/","title":{"rendered":"Curiosoties, Vigneyars &#8230;"},"content":{"rendered":"<div class=\"col-md-5\" style=\"border: 1px solid #eee; padding: 0px;\"><style type=\"text\/css\" id=\"gmpMapStyles_2_37286\">\n\t#google_map_easy_2_37286 {\n        width: 100%;\n        height: 550px;\n\t\t\t\t\t\t    }\n\t#gmapControlsNum_2_37286 {\n\t\twidth:100%\t}\n\t.gmpMapDetailsContainer#gmpMapDetailsContainer_2_37286 {\n\t\theight:550px;\n\t}\n\t.gmp_MapPreview#google_map_easy_2_37286 {\n\t\t\/*position:absolute;*\/\n\t\twidth: 100%;\n\t}\n\t#mapConElem_2_37286{\n\t\twidth: 100%\t}\n\t<\/style> <div class=\"gmp_map_opts\" id=\"mapConElem_2_37286\" data-id=\"2\" data-view-id=\"2_37286\" > <div class=\"gmpMapDetailsContainer\" id=\"gmpMapDetailsContainer_2_37286\"> <i class=\"gmpKMLLayersPreloader fa fa-spinner fa-spin\" aria-hidden=\"true\" style=\"display: none;\"><\/i> <div class=\"gmp_MapPreview \" id=\"google_map_easy_2_37286\"><\/div> <\/div> <div class=\"gmpMapMarkerFilters\" id=\"gmpMapMarkerFilters_2_37286\"> <\/div> <div class=\"gmpMapProControlsCon\" id=\"gmpMapProControlsCon_2_37286\"> <\/div> <div class=\"gmpMapProDirectionsCon\" id=\"gmpMapProDirectionsCon_2_37286\" > <\/div> <div class=\"gmpMapProKmlFilterCon\" id=\"gmpMapProKmlFilterCon_2_37286\" > <\/div> <div class=\"gmpSocialSharingShell gmpSocialSharingShell_2_37286\"> <\/div> <div style=\"clear: both;\"><\/div> <\/div> <\/div>\n<div class=\"col-md-7 paddingdecouvrir\">\n<h2>Curiosities<\/h2>\n<ul style=\"list-style-type: none;\">\n<li>&#8211; Troglodytic sites in VALMER <em>&#8211; (17km)<\/em>, AMBOISE <em>&#8211; (25 km)<\/em><\/li>\n<li>&#8211; <strong style=\"font-weight: 500; color: #2cabe1;\">PAGODE de CHANTELOUP<\/strong> in AMBOISE <em>&#8211; (25 km)<\/em><\/li>\n<li>&#8211; <strong style=\"font-weight: 500; color: #2cabe1;\">The ruins of LAVARDIN<\/strong><em> &#8211; (26 km)<\/em><\/li>\n<li>&#8211; <strong style=\"font-weight: 500; color: #2cabe1;\">TOUR DE BEAUVOIR<\/strong>, the most beautiful view of the city of Blois <em> &#8211; (28 km)<\/em><\/li>\n<\/ul>\n<p><em>without forgetting the multitudes boat rides, foot, bike the along the LOIRE (river) and hot air balloon flights. <\/em><\/p>\n<p><em>2 marked walking circuits around us: the paths of<strong style=\"font-weight: 500; color: #2cabe1;\">Saint Jacques de Compostel<\/strong> and <strong style=\"font-weight: 500; color: #2cabe1;\">Saint Martin<\/strong><\/em><\/p>\n<h2>Vineyards<\/h2>\n<ul style=\"list-style-type: none;\">\n<li>&#8211; <strong style=\"font-weight: 500; color: #2cabe1;\">TOURAINE MESLAND<\/strong> <em>&#8211; (17 km)<\/em><\/li>\n<li>&#8211; <strong style=\"font-weight: 500; color: #2cabe1;\">JASNIERES<\/strong> <em>&#8211; (18 km)<\/em><\/li>\n<li>&#8211; <strong style=\"font-weight: 500; color: #2cabe1;\">COTEAUX DU VENDOMOIS<\/strong> <em>&#8211; (25 km)<\/em><\/li>\n<li>&#8211; <strong style=\"font-weight: 500; color: #2cabe1;\">VOUVRAY<\/strong> <em>&#8211; (28 km)<\/em><\/li>\n<li>&#8211; <strong style=\"font-weight: 500; color: #2cabe1;\">MONTLOUIS<\/strong> <em>&#8211; (30 km)<\/em><\/li>\n<\/ul>\n<p><em>and a little further <strong style=\"font-weight: 500; color: #2cabe1;\">BOURGUEIL<\/strong> and <strong style=\"font-weight: 500; color: #2cabe1;\">CHINON<\/strong>.<\/em><\/p>\n<\/div>\n","protected":false},"excerpt":{"rendered":"<p>Curiosities &#8211; Troglodytic sites in VALMER &#8211; (17km), AMBOISE &#8211; (25 km) &#8211; PAGODE de CHANTELOUP in AMBOISE &#8211; (25 km) &#8211; The ruins of LAVARDIN &#8211; (26 km) &#8211; TOUR DE BEAUVOIR, the most beautiful view of the city of Blois &#8211; (28 km) without forgetting the multitudes boat rides, foot, bike the along [&hellip;]<\/p>\n","protected":false},"author":1,"featured_media":0,"parent":25,"menu_order":0,"comment_status":"closed","ping_status":"closed","template":"","meta":{"footnotes":""},"yoast_head":"<!-- This site is optimized with the Yoast SEO plugin v22.8 - https:\/\/yoast.com\/wordpress\/plugins\/seo\/ -->\n<title>Curiosoties, Vigneyars ... - G\u00eetes Touts Vents<\/title>\n<meta name=\"robots\" content=\"index, follow, max-snippet:-1, max-image-preview:large, max-video-preview:-1\" \/>\n<link rel=\"canonical\" href=\"https:\/\/www.gite-insolite-touraine.fr\/en\/discover-the-loire-valley\/curiosoties-vigneyars\/\" \/>\n<meta property=\"og:locale\" content=\"fr_FR\" \/>\n<meta property=\"og:type\" content=\"article\" \/>\n<meta property=\"og:title\" content=\"Curiosoties, Vigneyars ... - G\u00eetes Touts Vents\" \/>\n<meta property=\"og:description\" content=\"Curiosities &#8211; Troglodytic sites in VALMER &#8211; (17km), AMBOISE &#8211; (25 km) &#8211; PAGODE de CHANTELOUP in AMBOISE &#8211; (25 km) &#8211; The ruins of LAVARDIN &#8211; (26 km) &#8211; TOUR DE BEAUVOIR, the most beautiful view of the city of Blois &#8211; (28 km) without forgetting the multitudes boat rides, foot, bike the along [&hellip;]\" \/>\n<meta property=\"og:url\" content=\"https:\/\/www.gite-insolite-touraine.fr\/en\/discover-the-loire-valley\/curiosoties-vigneyars\/\" \/>\n<meta property=\"og:site_name\" content=\"G\u00eetes Touts Vents\" \/>\n<meta property=\"article:modified_time\" content=\"2019-06-17T10:59:32+00:00\" \/>\n<meta name=\"twitter:card\" content=\"summary_large_image\" \/>\n<meta name=\"twitter:label1\" content=\"Dur\u00e9e de lecture estim\u00e9e\" \/>\n\t<meta name=\"twitter:data1\" content=\"1 minute\" \/>\n<script type=\"application\/ld+json\" class=\"yoast-schema-graph\">{\"@context\":\"https:\/\/schema.org\",\"@graph\":[{\"@type\":\"WebPage\",\"@id\":\"https:\/\/www.gite-insolite-touraine.fr\/en\/discover-the-loire-valley\/curiosoties-vigneyars\/\",\"url\":\"https:\/\/www.gite-insolite-touraine.fr\/en\/discover-the-loire-valley\/curiosoties-vigneyars\/\",\"name\":\"Curiosoties, Vigneyars ... - G\u00eetes Touts Vents\",\"isPartOf\":{\"@id\":\"https:\/\/www.gite-insolite-touraine.fr\/en\/#website\"},\"datePublished\":\"2018-10-17T16:07:12+00:00\",\"dateModified\":\"2019-06-17T10:59:32+00:00\",\"breadcrumb\":{\"@id\":\"https:\/\/www.gite-insolite-touraine.fr\/en\/discover-the-loire-valley\/curiosoties-vigneyars\/#breadcrumb\"},\"inLanguage\":\"fr-FR\",\"potentialAction\":[{\"@type\":\"ReadAction\",\"target\":[\"https:\/\/www.gite-insolite-touraine.fr\/en\/discover-the-loire-valley\/curiosoties-vigneyars\/\"]}]},{\"@type\":\"BreadcrumbList\",\"@id\":\"https:\/\/www.gite-insolite-touraine.fr\/en\/discover-the-loire-valley\/curiosoties-vigneyars\/#breadcrumb\",\"itemListElement\":[{\"@type\":\"ListItem\",\"position\":1,\"name\":\"Accueil\",\"item\":\"https:\/\/www.gite-insolite-touraine.fr\/en\/\"},{\"@type\":\"ListItem\",\"position\":2,\"name\":\"Discover the Loire Valley\",\"item\":\"https:\/\/www.gite-insolite-touraine.fr\/en\/discover-the-loire-valley\/\"},{\"@type\":\"ListItem\",\"position\":3,\"name\":\"Curiosoties, Vigneyars &#8230;\"}]},{\"@type\":\"WebSite\",\"@id\":\"https:\/\/www.gite-insolite-touraine.fr\/en\/#website\",\"url\":\"https:\/\/www.gite-insolite-touraine.fr\/en\/\",\"name\":\"G\u00eetes Touts Vents\",\"description\":\"H\u00e9bergement insolite au coeur des Ch\u00e2teaux Loire\",\"potentialAction\":[{\"@type\":\"SearchAction\",\"target\":{\"@type\":\"EntryPoint\",\"urlTemplate\":\"https:\/\/www.gite-insolite-touraine.fr\/en\/?s={search_term_string}\"},\"query-input\":\"required name=search_term_string\"}],\"inLanguage\":\"fr-FR\"}]}<\/script>\n<!-- \/ Yoast SEO plugin. -->","yoast_head_json":{"title":"Curiosoties, Vigneyars ... - G\u00eetes Touts Vents","robots":{"index":"index","follow":"follow","max-snippet":"max-snippet:-1","max-image-preview":"max-image-preview:large","max-video-preview":"max-video-preview:-1"},"canonical":"https:\/\/www.gite-insolite-touraine.fr\/en\/discover-the-loire-valley\/curiosoties-vigneyars\/","og_locale":"fr_FR","og_type":"article","og_title":"Curiosoties, Vigneyars ... - G\u00eetes Touts Vents","og_description":"Curiosities &#8211; Troglodytic sites in VALMER &#8211; (17km), AMBOISE &#8211; (25 km) &#8211; PAGODE de CHANTELOUP in AMBOISE &#8211; (25 km) &#8211; The ruins of LAVARDIN &#8211; (26 km) &#8211; TOUR DE BEAUVOIR, the most beautiful view of the city of Blois &#8211; (28 km) without forgetting the multitudes boat rides, foot, bike the along [&hellip;]","og_url":"https:\/\/www.gite-insolite-touraine.fr\/en\/discover-the-loire-valley\/curiosoties-vigneyars\/","og_site_name":"G\u00eetes Touts Vents","article_modified_time":"2019-06-17T10:59:32+00:00","twitter_card":"summary_large_image","twitter_misc":{"Dur\u00e9e de lecture estim\u00e9e":"1 minute"},"schema":{"@context":"https:\/\/schema.org","@graph":[{"@type":"WebPage","@id":"https:\/\/www.gite-insolite-touraine.fr\/en\/discover-the-loire-valley\/curiosoties-vigneyars\/","url":"https:\/\/www.gite-insolite-touraine.fr\/en\/discover-the-loire-valley\/curiosoties-vigneyars\/","name":"Curiosoties, Vigneyars ... - G\u00eetes Touts Vents","isPartOf":{"@id":"https:\/\/www.gite-insolite-touraine.fr\/en\/#website"},"datePublished":"2018-10-17T16:07:12+00:00","dateModified":"2019-06-17T10:59:32+00:00","breadcrumb":{"@id":"https:\/\/www.gite-insolite-touraine.fr\/en\/discover-the-loire-valley\/curiosoties-vigneyars\/#breadcrumb"},"inLanguage":"fr-FR","potentialAction":[{"@type":"ReadAction","target":["https:\/\/www.gite-insolite-touraine.fr\/en\/discover-the-loire-valley\/curiosoties-vigneyars\/"]}]},{"@type":"BreadcrumbList","@id":"https:\/\/www.gite-insolite-touraine.fr\/en\/discover-the-loire-valley\/curiosoties-vigneyars\/#breadcrumb","itemListElement":[{"@type":"ListItem","position":1,"name":"Accueil","item":"https:\/\/www.gite-insolite-touraine.fr\/en\/"},{"@type":"ListItem","position":2,"name":"Discover the Loire Valley","item":"https:\/\/www.gite-insolite-touraine.fr\/en\/discover-the-loire-valley\/"},{"@type":"ListItem","position":3,"name":"Curiosoties, Vigneyars &#8230;"}]},{"@type":"WebSite","@id":"https:\/\/www.gite-insolite-touraine.fr\/en\/#website","url":"https:\/\/www.gite-insolite-touraine.fr\/en\/","name":"G\u00eetes Touts Vents","description":"H\u00e9bergement insolite au coeur des Ch\u00e2teaux Loire","potentialAction":[{"@type":"SearchAction","target":{"@type":"EntryPoint","urlTemplate":"https:\/\/www.gite-insolite-touraine.fr\/en\/?s={search_term_string}"},"query-input":"required name=search_term_string"}],"inLanguage":"fr-FR"}]}},"_links":{"self":[{"href":"https:\/\/www.gite-insolite-touraine.fr\/en\/wp-json\/wp\/v2\/pages\/29"}],"collection":[{"href":"https:\/\/www.gite-insolite-touraine.fr\/en\/wp-json\/wp\/v2\/pages"}],"about":[{"href":"https:\/\/www.gite-insolite-touraine.fr\/en\/wp-json\/wp\/v2\/types\/page"}],"author":[{"embeddable":true,"href":"https:\/\/www.gite-insolite-touraine.fr\/en\/wp-json\/wp\/v2\/users\/1"}],"replies":[{"embeddable":true,"href":"https:\/\/www.gite-insolite-touraine.fr\/en\/wp-json\/wp\/v2\/comments?post=29"}],"version-history":[{"count":27,"href":"https:\/\/www.gite-insolite-touraine.fr\/en\/wp-json\/wp\/v2\/pages\/29\/revisions"}],"predecessor-version":[{"id":687,"href":"https:\/\/www.gite-insolite-touraine.fr\/en\/wp-json\/wp\/v2\/pages\/29\/revisions\/687"}],"up":[{"embeddable":true,"href":"https:\/\/www.gite-insolite-touraine.fr\/en\/wp-json\/wp\/v2\/pages\/25"}],"wp:attachment":[{"href":"https:\/\/www.gite-insolite-touraine.fr\/en\/wp-json\/wp\/v2\/media?parent=29"}],"curies":[{"name":"wp","href":"https:\/\/api.w.org\/{rel}","templated":true}]}}