{"id":18,"date":"2018-10-17T18:02:33","date_gmt":"2018-10-17T16:02:33","guid":{"rendered":"http:\/\/www.gite-insolite-touraine.fr\/en\/?page_id=18"},"modified":"2024-06-17T09:21:14","modified_gmt":"2024-06-17T07:21:14","slug":"ranch-jack","status":"publish","type":"page","link":"https:\/\/www.gite-insolite-touraine.fr\/en\/our-bed-and-breakfast\/ranch-jack\/","title":{"rendered":"Ranch Jack"},"content":{"rendered":"<p>&nbsp;<\/p>\n<p><strong>The only one in region Centre, the Ranch for 9 people with 1 saloon, 1 bathroom, 1 barrel, 1 teepee, 1 motel, 1 prison, large outdoor tables with benches, and BBQ-plancha. <\/strong><\/p>\n<h3>Arrangement of the ranch for 9 people<\/h3>\n<hr \/>\n<p><span style=\"text-decoration: underline;\"><strong>3 different structures :<\/strong><\/span><\/p>\n<ul>\n<li>1 Sheriff&rsquo;s house (3 pers) 3 beds 90<\/li>\n<li>1 Motel (4pers)<\/li>\n<li>1 barrel (2 pers) bed 140<\/li>\n<\/ul>\n<p><span style=\"text-decoration: underline;\"><strong>1 saloon<\/strong><\/span><\/p>\n<ul>\n<li>Fully equipped kitchen (large fridge, 4 gas plates and complete crockery) dining area (barrel table 9 high stools)<\/li>\n<li>A bar and storage<\/li>\n<\/ul>\n<p><span style=\"text-decoration: underline;\"><strong>1 Bath room<\/strong><\/span><\/p>\n<ul>\n<li>1 Bathroom (shower, 2 washbasins, large storage)<\/li>\n<\/ul>\n<p><span style=\"text-decoration: underline;\"><strong>1 prison<\/strong><\/span><\/p>\n<ul>\n<li>toilets with sawdust wood<\/li>\n<\/ul>\n<h3>Price (to 22\u20ac from\u00a0 33\u20ac \/pers.)<\/h3>\n<hr \/>\n<table class=\"tarif\" style=\"width: 100%; height: 294px;\">\n<tbody>\n<tr style=\"background-color: #94c11f;\">\n<td style=\"width: 20%; height: 48px;\">\u00a0<\/td>\n<td style=\"text-align: center; width: 40%; color: #ffffff; font-weight: bold; height: 48px;\">AVERAGE season<br \/>\n<i>April, May, June, September, October, November<\/i><\/td>\n<td style=\"text-align: center; width: 40%; color: #ffffff; font-weight: bold; background-color: #f48210; height: 48px;\">HIGH season <br \/>\n<i>July and August<\/i><\/td>\n<\/tr>\n<tr style=\"background-color: #eee;\">\n<td style=\"width: 20%; height: 32px;\">\u00a0<\/td>\n<td style=\"text-align: center; width: 40%; padding: 0px; height: 32px;\">\n<table style=\"width: 100%;\">\n<tbody>\n<tr>\n<td style=\"width: 25%;\">6\/7 pers<\/td>\n<td style=\"width: 25%;\">8 pers<\/td>\n<td style=\"width: 25%;\">9 pers<\/td>\n<\/tr>\n<\/tbody>\n<\/table>\n<\/td>\n<td style=\"text-align: center; width: 40%; padding: 0px; height: 32px;\">\n<table style=\"width: 100%;\">\n<tbody>\n<tr>\n<td style=\"width: 25%;\">6\/7 pers<\/td>\n<td style=\"width: 25%;\">8 pers<\/td>\n<td style=\"width: 25%;\">9 pers<\/td>\n<\/tr>\n<\/tbody>\n<\/table>\n<\/td>\n<\/tr>\n<tr style=\"height: 48px;\">\n<td style=\"width: 20%; height: 48px;\">Sunday, Monday, Tuesday, Wednesday, Thursday<\/td>\n<td style=\"text-align: center; width: 40%; padding: 0px; height: 48px;\">\n<table style=\"width: 100%;\">\n<tbody>\n<tr>\n<td style=\"width: 25%;\"><b>210 \u20ac<\/b><\/td>\n<td style=\"width: 25%;\"><b>240 \u20ac<\/b><\/td>\n<td style=\"width: 25%;\"><b>270 \u20ac<\/b><\/td>\n<\/tr>\n<\/tbody>\n<\/table>\n<\/td>\n<td style=\"text-align: center; width: 40%; padding: 0px; height: 48px;\">\n<table style=\"width: 100%;\">\n<tbody>\n<tr>\n<td style=\"width: 33%;\"><b>448\u20ac <\/b><br \/>\n\t\t<i>(2 nights)<\/i><\/td>\n<td style=\"width: 33%;\"><b>512 \u20ac<\/b><br \/>\n\t\t<i>(2 nights)<\/i><\/td>\n<td style=\"width: 33%;\"><b>576 \u20ac<\/b><br \/>\n\t\t<i>(2 nights)<\/i><\/td>\n<\/tr>\n<\/tbody>\n<\/table>\n<\/td>\n<\/tr>\n<tr style=\"height: 54px;\">\n<td style=\"width: 20%; height: 54px;\">Friday or Saturday, public holidays<\/td>\n<td style=\"text-align: center; width: 40%; padding: 0px; height: 54px;\">\n<table style=\"width: 100%;\">\n<tbody>\n<tr>\n<td style=\"width: 25%;\"><b>245 \u20ac<\/b><\/td>\n<td style=\"width: 25%;\"><b>280 \u20ac<\/b><\/td>\n<td style=\"width: 25%;\"><b>315 \u20ac<\/b><\/td>\n<\/tr>\n<\/tbody>\n<\/table>\n<\/td>\n<td style=\"text-align: center; width: 40%; padding: 0px; height: 54px;\">\n<table style=\"width: 100%;\">\n<tbody>\n<tr>\n<td style=\"width: 25%;\"><b>448 \u20ac<\/b><br \/>\n\t\t<i>(2 nights)<\/i><\/td>\n<td style=\"width: 25%;\"><b>512 \u20ac<\/b><br \/>\n\t\t<i>(2 nights)<\/i><\/td>\n<td style=\"width: 25%;\"><b>576 \u20ac<\/b><br \/>\n\t\t<i>(2 nights)<\/i><\/td>\n<\/tr>\n<\/tbody>\n<\/table>\n<\/td>\n<\/tr>\n<tr style=\"height: 56px;\">\n<td style=\"width: 20%; height: 56px;\">Week-end <br \/>\n<i>(Friday + Saturday)<\/i><\/td>\n<td style=\"text-align: center; width: 40%; padding: 0px; height: 56px;\">\n<table style=\"width: 100%;\">\n<tbody>\n<tr>\n<td style=\"width: 25%;\"><b>448 \u20ac<\/b><br \/>\n<i>(2 nights)<\/i><\/td>\n<td style=\"width: 25%;\"><b>512 \u20ac<\/b><br \/>\n<i>(2 nights)<\/i><\/td>\n<td style=\"width: 25%;\"><b>576 \u20ac<\/b><br \/>\n<i>(2 nights)<\/i><\/td>\n<\/tr>\n<\/tbody>\n<\/table>\n<\/td>\n<td style=\"text-align: center; width: 40%; padding: 0px; height: 56px;\">\n<table style=\"width: 100%;\">\n<tbody>\n<tr>\n<td style=\"width: 33%;\"><b>448\u20ac <\/b><br \/>\n\t\t<i>(2 nights)<\/i><\/td>\n<td style=\"width: 33%;\"><b>512 \u20ac<\/b><br \/>\n\t\t<i>(2 nights)<\/i><\/td>\n<td style=\"width: 33%;\"><b>576 \u20ac<\/b><br \/>\n\t\t<i>(2 nights)<\/i><\/td>\n<\/tr>\n<\/tbody>\n<\/table>\n<\/td>\n<\/tr>\n<tr style=\"height: 56px;\">\n<td style=\"width: 20%; height: 56px;\">Semaine<\/td>\n<td style=\"text-align: center; width: 40%; padding: 0px; height: 56px;\">\n<table style=\"width: 100%;\">\n<tbody>\n<tr>\n<td style=\"width: 25%;\"><b>1078\u00a0 \u20ac<\/b><br \/>\n<i>(7 nights)<\/i><\/td>\n<td style=\"width: 25%;\"><b>1232 \u20ac<\/b><br \/>\n<i>(7 nights)<\/i><\/td>\n<td style=\"width: 25%;\"><b>1386 \u20ac<\/b><br \/>\n<i>(7 nights)<\/i><\/td>\n<\/tr>\n<\/tbody>\n<\/table>\n<\/td>\n<td style=\"text-align: center; width: 40%; padding: 0px; height: 56px;\">\n<table style=\"width: 100%;\">\n<tbody>\n<tr>\n<td style=\"width: 25%;\"><b>1225 \u20ac<\/b><br \/>\n<i>(7 nights)<\/i><\/td>\n<td style=\"width: 25%;\"><b>1400 \u20ac<\/b><br \/>\n<i>(7 nights)<\/i><\/td>\n<td style=\"width: 25%;\"><b>1575 \u20ac<\/b><br \/>\n<i>(7 nights)<\/i><\/td>\n<\/tr>\n<\/tbody>\n<\/table>\n<\/td>\n<\/tr>\n<\/tbody>\n<\/table>\n<p>&nbsp;<\/p>\n<ul>\n<li><strong><span style=\"text-decoration: underline;\">Services included<\/span><\/strong> : beds made, dishware and floor, grocery Kit, WC paper<\/li>\n<li><span style=\"text-decoration: underline;\"><strong>Free leisure complex<\/strong> <\/span>: swimming pool, tennis, badminton, table tennis, beach volley, p\u00e9tanque (with free loan of material for each structure) playground, board games, Library, toy hut\u2026<\/li>\n<li><span style=\"text-decoration: underline;\"><strong>Cleaning fee<\/strong><\/span> : <strong>70 euros<\/strong> or to be made by yourself<\/li>\n<li><span style=\"text-decoration: underline;\"><strong>Week-end<\/strong> <\/span>: Friday 5pm to Sunday 11am<strong> (2nights)<\/strong><\/li>\n<li><span style=\"text-decoration: underline;\"><strong>Excluding school holidays and for a weekend of 2 nights<\/strong><\/span><strong> :<\/strong> possibility to leave on Sunday in the late afternoon, instead of 11am in the morning : <strong>30 euros<\/strong><\/li>\n<li><span style=\"text-decoration: underline;\"><strong>When you book a week :<\/strong> <\/span>Friday to Friday or Sunday to Sunday (7 nights), to avoid traffic jams on Saturdays.<\/li>\n<\/ul>\n","protected":false},"excerpt":{"rendered":"<p>&nbsp; The only one in region Centre, the Ranch for 9 people with 1 saloon, 1 bathroom, 1 barrel, 1 teepee, 1 motel, 1 prison, large outdoor tables with benches, and BBQ-plancha. Arrangement of the ranch for 9 people 3 different structures : 1 Sheriff&rsquo;s house (3 pers) 3 beds 90 1 Motel (4pers) 1 [&hellip;]<\/p>\n","protected":false},"author":1,"featured_media":0,"parent":9,"menu_order":0,"comment_status":"closed","ping_status":"closed","template":"","meta":{"footnotes":""},"yoast_head":"<!-- This site is optimized with the Yoast SEO plugin v22.8 - https:\/\/yoast.com\/wordpress\/plugins\/seo\/ -->\n<title>Ranch Jack - G\u00eetes Touts Vents<\/title>\n<meta name=\"robots\" content=\"index, follow, max-snippet:-1, max-image-preview:large, max-video-preview:-1\" \/>\n<link rel=\"canonical\" href=\"https:\/\/www.gite-insolite-touraine.fr\/en\/our-bed-and-breakfast\/ranch-jack\/\" \/>\n<meta property=\"og:locale\" content=\"fr_FR\" \/>\n<meta property=\"og:type\" content=\"article\" \/>\n<meta property=\"og:title\" content=\"Ranch Jack - G\u00eetes Touts Vents\" \/>\n<meta property=\"og:description\" content=\"&nbsp; The only one in region Centre, the Ranch for 9 people with 1 saloon, 1 bathroom, 1 barrel, 1 teepee, 1 motel, 1 prison, large outdoor tables with benches, and BBQ-plancha. Arrangement of the ranch for 9 people 3 different structures : 1 Sheriff&rsquo;s house (3 pers) 3 beds 90 1 Motel (4pers) 1 [&hellip;]\" \/>\n<meta property=\"og:url\" content=\"https:\/\/www.gite-insolite-touraine.fr\/en\/our-bed-and-breakfast\/ranch-jack\/\" \/>\n<meta property=\"og:site_name\" content=\"G\u00eetes Touts Vents\" \/>\n<meta property=\"article:modified_time\" content=\"2024-06-17T07:21:14+00:00\" \/>\n<meta name=\"twitter:card\" content=\"summary_large_image\" \/>\n<meta name=\"twitter:label1\" content=\"Dur\u00e9e de lecture estim\u00e9e\" \/>\n\t<meta name=\"twitter:data1\" content=\"2 minutes\" \/>\n<script type=\"application\/ld+json\" class=\"yoast-schema-graph\">{\"@context\":\"https:\/\/schema.org\",\"@graph\":[{\"@type\":\"WebPage\",\"@id\":\"https:\/\/www.gite-insolite-touraine.fr\/en\/our-bed-and-breakfast\/ranch-jack\/\",\"url\":\"https:\/\/www.gite-insolite-touraine.fr\/en\/our-bed-and-breakfast\/ranch-jack\/\",\"name\":\"Ranch Jack - G\u00eetes Touts Vents\",\"isPartOf\":{\"@id\":\"https:\/\/www.gite-insolite-touraine.fr\/en\/#website\"},\"datePublished\":\"2018-10-17T16:02:33+00:00\",\"dateModified\":\"2024-06-17T07:21:14+00:00\",\"breadcrumb\":{\"@id\":\"https:\/\/www.gite-insolite-touraine.fr\/en\/our-bed-and-breakfast\/ranch-jack\/#breadcrumb\"},\"inLanguage\":\"fr-FR\",\"potentialAction\":[{\"@type\":\"ReadAction\",\"target\":[\"https:\/\/www.gite-insolite-touraine.fr\/en\/our-bed-and-breakfast\/ranch-jack\/\"]}]},{\"@type\":\"BreadcrumbList\",\"@id\":\"https:\/\/www.gite-insolite-touraine.fr\/en\/our-bed-and-breakfast\/ranch-jack\/#breadcrumb\",\"itemListElement\":[{\"@type\":\"ListItem\",\"position\":1,\"name\":\"Accueil\",\"item\":\"https:\/\/www.gite-insolite-touraine.fr\/en\/\"},{\"@type\":\"ListItem\",\"position\":2,\"name\":\"Our bed and breakfast\",\"item\":\"https:\/\/www.gite-insolite-touraine.fr\/en\/our-bed-and-breakfast\/\"},{\"@type\":\"ListItem\",\"position\":3,\"name\":\"Ranch Jack\"}]},{\"@type\":\"WebSite\",\"@id\":\"https:\/\/www.gite-insolite-touraine.fr\/en\/#website\",\"url\":\"https:\/\/www.gite-insolite-touraine.fr\/en\/\",\"name\":\"G\u00eetes Touts Vents\",\"description\":\"H\u00e9bergement insolite au coeur des Ch\u00e2teaux Loire\",\"potentialAction\":[{\"@type\":\"SearchAction\",\"target\":{\"@type\":\"EntryPoint\",\"urlTemplate\":\"https:\/\/www.gite-insolite-touraine.fr\/en\/?s={search_term_string}\"},\"query-input\":\"required name=search_term_string\"}],\"inLanguage\":\"fr-FR\"}]}<\/script>\n<!-- \/ Yoast SEO plugin. -->","yoast_head_json":{"title":"Ranch Jack - G\u00eetes Touts Vents","robots":{"index":"index","follow":"follow","max-snippet":"max-snippet:-1","max-image-preview":"max-image-preview:large","max-video-preview":"max-video-preview:-1"},"canonical":"https:\/\/www.gite-insolite-touraine.fr\/en\/our-bed-and-breakfast\/ranch-jack\/","og_locale":"fr_FR","og_type":"article","og_title":"Ranch Jack - G\u00eetes Touts Vents","og_description":"&nbsp; The only one in region Centre, the Ranch for 9 people with 1 saloon, 1 bathroom, 1 barrel, 1 teepee, 1 motel, 1 prison, large outdoor tables with benches, and BBQ-plancha. Arrangement of the ranch for 9 people 3 different structures : 1 Sheriff&rsquo;s house (3 pers) 3 beds 90 1 Motel (4pers) 1 [&hellip;]","og_url":"https:\/\/www.gite-insolite-touraine.fr\/en\/our-bed-and-breakfast\/ranch-jack\/","og_site_name":"G\u00eetes Touts Vents","article_modified_time":"2024-06-17T07:21:14+00:00","twitter_card":"summary_large_image","twitter_misc":{"Dur\u00e9e de lecture estim\u00e9e":"2 minutes"},"schema":{"@context":"https:\/\/schema.org","@graph":[{"@type":"WebPage","@id":"https:\/\/www.gite-insolite-touraine.fr\/en\/our-bed-and-breakfast\/ranch-jack\/","url":"https:\/\/www.gite-insolite-touraine.fr\/en\/our-bed-and-breakfast\/ranch-jack\/","name":"Ranch Jack - G\u00eetes Touts Vents","isPartOf":{"@id":"https:\/\/www.gite-insolite-touraine.fr\/en\/#website"},"datePublished":"2018-10-17T16:02:33+00:00","dateModified":"2024-06-17T07:21:14+00:00","breadcrumb":{"@id":"https:\/\/www.gite-insolite-touraine.fr\/en\/our-bed-and-breakfast\/ranch-jack\/#breadcrumb"},"inLanguage":"fr-FR","potentialAction":[{"@type":"ReadAction","target":["https:\/\/www.gite-insolite-touraine.fr\/en\/our-bed-and-breakfast\/ranch-jack\/"]}]},{"@type":"BreadcrumbList","@id":"https:\/\/www.gite-insolite-touraine.fr\/en\/our-bed-and-breakfast\/ranch-jack\/#breadcrumb","itemListElement":[{"@type":"ListItem","position":1,"name":"Accueil","item":"https:\/\/www.gite-insolite-touraine.fr\/en\/"},{"@type":"ListItem","position":2,"name":"Our bed and breakfast","item":"https:\/\/www.gite-insolite-touraine.fr\/en\/our-bed-and-breakfast\/"},{"@type":"ListItem","position":3,"name":"Ranch Jack"}]},{"@type":"WebSite","@id":"https:\/\/www.gite-insolite-touraine.fr\/en\/#website","url":"https:\/\/www.gite-insolite-touraine.fr\/en\/","name":"G\u00eetes Touts Vents","description":"H\u00e9bergement insolite au coeur des Ch\u00e2teaux Loire","potentialAction":[{"@type":"SearchAction","target":{"@type":"EntryPoint","urlTemplate":"https:\/\/www.gite-insolite-touraine.fr\/en\/?s={search_term_string}"},"query-input":"required name=search_term_string"}],"inLanguage":"fr-FR"}]}},"_links":{"self":[{"href":"https:\/\/www.gite-insolite-touraine.fr\/en\/wp-json\/wp\/v2\/pages\/18"}],"collection":[{"href":"https:\/\/www.gite-insolite-touraine.fr\/en\/wp-json\/wp\/v2\/pages"}],"about":[{"href":"https:\/\/www.gite-insolite-touraine.fr\/en\/wp-json\/wp\/v2\/types\/page"}],"author":[{"embeddable":true,"href":"https:\/\/www.gite-insolite-touraine.fr\/en\/wp-json\/wp\/v2\/users\/1"}],"replies":[{"embeddable":true,"href":"https:\/\/www.gite-insolite-touraine.fr\/en\/wp-json\/wp\/v2\/comments?post=18"}],"version-history":[{"count":32,"href":"https:\/\/www.gite-insolite-touraine.fr\/en\/wp-json\/wp\/v2\/pages\/18\/revisions"}],"predecessor-version":[{"id":778,"href":"https:\/\/www.gite-insolite-touraine.fr\/en\/wp-json\/wp\/v2\/pages\/18\/revisions\/778"}],"up":[{"embeddable":true,"href":"https:\/\/www.gite-insolite-touraine.fr\/en\/wp-json\/wp\/v2\/pages\/9"}],"wp:attachment":[{"href":"https:\/\/www.gite-insolite-touraine.fr\/en\/wp-json\/wp\/v2\/media?parent=18"}],"curies":[{"name":"wp","href":"https:\/\/api.w.org\/{rel}","templated":true}]}}