{"id":13,"date":"2018-10-17T18:01:10","date_gmt":"2018-10-17T16:01:10","guid":{"rendered":"http:\/\/www.gite-insolite-touraine.fr\/en\/?page_id=13"},"modified":"2024-06-17T09:12:48","modified_gmt":"2024-06-17T07:12:48","slug":"trailer-huguette","status":"publish","type":"page","link":"https:\/\/www.gite-insolite-touraine.fr\/en\/our-bed-and-breakfast\/trailer-huguette\/","title":{"rendered":"Trailer Huguette"},"content":{"rendered":"<p>&nbsp;<\/p>\n<p><strong>Cozy bed and breakfast for 1 couple under 2 secular Oaks with panoramic views of the fields and woods in the vicinity (garden furniture, sunbathing and BBQ) <\/strong><\/p>\n<h3>Arrangement of the caravan for 2 Persons<\/h3>\n<hr \/>\n<p><span style=\"text-decoration: underline;\"><strong>Main room<\/strong><\/span><\/p>\n<ul>\n<li>Bed for 2 persons (140), wardrobe, buffet, dining area<\/li>\n<\/ul>\n<p><span style=\"text-decoration: underline;\"><strong>Room 2 <\/strong><\/span><\/p>\n<ul>\n<li>1 fully equipped kitchen (fridge, hob, coffee maker and complete tableware)<\/li>\n<\/ul>\n<p><span style=\"text-decoration: underline;\"><strong>3rd room <\/strong><\/span><\/p>\n<ul>\n<li>Bathroom (shower, washbasin, hairdryer) separate WC (normal toilet)<\/li>\n<\/ul>\n<h3>Price<\/h3>\n<hr \/>\n<table class=\"tarif\">\n<tbody>\n<tr style=\"background-color: #94c11f;\">\n<td style=\"width: 20%;\">\u00a0<\/td>\n<td style=\"text-align: center; width: 40%; color: #fff; font-weight: bold;\">AVERAGE season <br \/>\n<i>April, May, June, September, October, November<\/i><\/td>\n<td style=\"text-align: center; width: 40%; color: #fff; font-weight: bold; background-color: #f48210;\">HIGH season<br \/>\n<i>July and August<\/i><\/td>\n<\/tr>\n<tr>\n<td style=\"width: 20%;\">Sunday, Monday, Tuesday, Wednesday, Thursday<\/td>\n<td style=\"text-align: center; width: 40%; padding: 0px;\"><b>65 \u20ac<\/b><\/td>\n<td style=\"text-align: center; width: 40%; padding: 0px;\"><b>135 \u20ac<\/b><br \/>\n\t<i>(for 2 people for 2 nights)<\/i><\/td>\n<\/tr>\n<tr>\n<td style=\"width: 20%;\">Friday or Saturday, public holidays<\/td>\n<td style=\"text-align: center; width: 40%; padding: 0px;\"><b>70 \u20ac<\/b><\/td>\n<td style=\"text-align: center; width: 40%; padding: 0px;\"><b>135 \u20ac<\/b><br \/>\n\t<i>(for 2 people for 2 nights)<\/i><\/td>\n<\/tr>\n<tr>\n<td style=\"width: 20%;\">Week-end <br \/>\n<i>(Vendredi + Samedi)<\/i><\/td>\n<td style=\"text-align: center; width: 40%; padding: 0px;\"><b>135 \u20ac<\/b><\/td>\n<td style=\"text-align: center; width: 40%; padding: 0px;\"><b>135 \u20ac<\/b><br \/>\n\t<i>(for 2 people for 2 nights)<\/i><\/td>\n<\/tr>\n<tr>\n<td style=\"width: 20%;\">Week<\/td>\n<td style=\"text-align: center; width: 40%; padding: 0px;\"><b>410 \u20ac<\/b><\/td>\n<td style=\"text-align: center; width: 40%; padding: 0px;\"><b>520 \u20ac<\/b><\/td>\n<\/tr>\n<\/tbody>\n<\/table>\n<p>&nbsp;<\/p>\n<ul>\n<li><strong><span style=\"text-decoration: underline;\">Services included<\/span><\/strong> : beds made, dishware and floor, grocery Kit, WC paper<\/li>\n<li><span style=\"text-decoration: underline;\"><strong>Free leisure complex<\/strong> <\/span>: swimming pool, tennis, badminton, table tennis, beach volley, p\u00e9tanque (with free loan of material for each structure) playground, board games, Library, toy hut\u2026<\/li>\n<li><span style=\"text-decoration: underline;\"><strong>Cleaning fee<\/strong><\/span> : <strong>30 euros<\/strong> or to be made by yourself<\/li>\n<li><span style=\"text-decoration: underline;\"><strong>Week-end<\/strong> <\/span>: Friday 5pm to Sunday 11am<strong> (2nights)<\/strong><\/li>\n<li><span style=\"text-decoration: underline;\"><strong>Excluding school holidays and for a weekend of 2 nights<\/strong><\/span><strong> :<\/strong> possibility to leave on Sunday in the late afternoon, instead of 11am in the morning : <strong>30 euros<\/strong><\/li>\n<li><span style=\"text-decoration: underline;\"><strong>When you book a week :<\/strong> <\/span>Friday to Friday or Sunday to Sunday (7 nights), to avoid traffic jams on Saturdays.<\/li>\n<\/ul>\n","protected":false},"excerpt":{"rendered":"<p>&nbsp; Cozy bed and breakfast for 1 couple under 2 secular Oaks with panoramic views of the fields and woods in the vicinity (garden furniture, sunbathing and BBQ) Arrangement of the caravan for 2 Persons Main room Bed for 2 persons (140), wardrobe, buffet, dining area Room 2 1 fully equipped kitchen (fridge, hob, coffee [&hellip;]<\/p>\n","protected":false},"author":1,"featured_media":0,"parent":9,"menu_order":0,"comment_status":"closed","ping_status":"closed","template":"page-huguette.php","meta":{"footnotes":""},"yoast_head":"<!-- This site is optimized with the Yoast SEO plugin v22.8 - https:\/\/yoast.com\/wordpress\/plugins\/seo\/ -->\n<title>Trailer Huguette - G\u00eetes Touts Vents<\/title>\n<meta name=\"robots\" content=\"index, follow, max-snippet:-1, max-image-preview:large, max-video-preview:-1\" \/>\n<link rel=\"canonical\" href=\"https:\/\/www.gite-insolite-touraine.fr\/en\/our-bed-and-breakfast\/trailer-huguette\/\" \/>\n<meta property=\"og:locale\" content=\"fr_FR\" \/>\n<meta property=\"og:type\" content=\"article\" \/>\n<meta property=\"og:title\" content=\"Trailer Huguette - G\u00eetes Touts Vents\" \/>\n<meta property=\"og:description\" content=\"&nbsp; Cozy bed and breakfast for 1 couple under 2 secular Oaks with panoramic views of the fields and woods in the vicinity (garden furniture, sunbathing and BBQ) Arrangement of the caravan for 2 Persons Main room Bed for 2 persons (140), wardrobe, buffet, dining area Room 2 1 fully equipped kitchen (fridge, hob, coffee [&hellip;]\" \/>\n<meta property=\"og:url\" content=\"https:\/\/www.gite-insolite-touraine.fr\/en\/our-bed-and-breakfast\/trailer-huguette\/\" \/>\n<meta property=\"og:site_name\" content=\"G\u00eetes Touts Vents\" \/>\n<meta property=\"article:modified_time\" content=\"2024-06-17T07:12:48+00:00\" \/>\n<meta name=\"twitter:card\" content=\"summary_large_image\" \/>\n<meta name=\"twitter:label1\" content=\"Dur\u00e9e de lecture estim\u00e9e\" \/>\n\t<meta name=\"twitter:data1\" content=\"2 minutes\" \/>\n<script type=\"application\/ld+json\" class=\"yoast-schema-graph\">{\"@context\":\"https:\/\/schema.org\",\"@graph\":[{\"@type\":\"WebPage\",\"@id\":\"https:\/\/www.gite-insolite-touraine.fr\/en\/our-bed-and-breakfast\/trailer-huguette\/\",\"url\":\"https:\/\/www.gite-insolite-touraine.fr\/en\/our-bed-and-breakfast\/trailer-huguette\/\",\"name\":\"Trailer Huguette - G\u00eetes Touts Vents\",\"isPartOf\":{\"@id\":\"https:\/\/www.gite-insolite-touraine.fr\/en\/#website\"},\"datePublished\":\"2018-10-17T16:01:10+00:00\",\"dateModified\":\"2024-06-17T07:12:48+00:00\",\"breadcrumb\":{\"@id\":\"https:\/\/www.gite-insolite-touraine.fr\/en\/our-bed-and-breakfast\/trailer-huguette\/#breadcrumb\"},\"inLanguage\":\"fr-FR\",\"potentialAction\":[{\"@type\":\"ReadAction\",\"target\":[\"https:\/\/www.gite-insolite-touraine.fr\/en\/our-bed-and-breakfast\/trailer-huguette\/\"]}]},{\"@type\":\"BreadcrumbList\",\"@id\":\"https:\/\/www.gite-insolite-touraine.fr\/en\/our-bed-and-breakfast\/trailer-huguette\/#breadcrumb\",\"itemListElement\":[{\"@type\":\"ListItem\",\"position\":1,\"name\":\"Accueil\",\"item\":\"https:\/\/www.gite-insolite-touraine.fr\/en\/\"},{\"@type\":\"ListItem\",\"position\":2,\"name\":\"Our bed and breakfast\",\"item\":\"https:\/\/www.gite-insolite-touraine.fr\/en\/our-bed-and-breakfast\/\"},{\"@type\":\"ListItem\",\"position\":3,\"name\":\"Trailer Huguette\"}]},{\"@type\":\"WebSite\",\"@id\":\"https:\/\/www.gite-insolite-touraine.fr\/en\/#website\",\"url\":\"https:\/\/www.gite-insolite-touraine.fr\/en\/\",\"name\":\"G\u00eetes Touts Vents\",\"description\":\"H\u00e9bergement insolite au coeur des Ch\u00e2teaux Loire\",\"potentialAction\":[{\"@type\":\"SearchAction\",\"target\":{\"@type\":\"EntryPoint\",\"urlTemplate\":\"https:\/\/www.gite-insolite-touraine.fr\/en\/?s={search_term_string}\"},\"query-input\":\"required name=search_term_string\"}],\"inLanguage\":\"fr-FR\"}]}<\/script>\n<!-- \/ Yoast SEO plugin. -->","yoast_head_json":{"title":"Trailer Huguette - G\u00eetes Touts Vents","robots":{"index":"index","follow":"follow","max-snippet":"max-snippet:-1","max-image-preview":"max-image-preview:large","max-video-preview":"max-video-preview:-1"},"canonical":"https:\/\/www.gite-insolite-touraine.fr\/en\/our-bed-and-breakfast\/trailer-huguette\/","og_locale":"fr_FR","og_type":"article","og_title":"Trailer Huguette - G\u00eetes Touts Vents","og_description":"&nbsp; Cozy bed and breakfast for 1 couple under 2 secular Oaks with panoramic views of the fields and woods in the vicinity (garden furniture, sunbathing and BBQ) Arrangement of the caravan for 2 Persons Main room Bed for 2 persons (140), wardrobe, buffet, dining area Room 2 1 fully equipped kitchen (fridge, hob, coffee [&hellip;]","og_url":"https:\/\/www.gite-insolite-touraine.fr\/en\/our-bed-and-breakfast\/trailer-huguette\/","og_site_name":"G\u00eetes Touts Vents","article_modified_time":"2024-06-17T07:12:48+00:00","twitter_card":"summary_large_image","twitter_misc":{"Dur\u00e9e de lecture estim\u00e9e":"2 minutes"},"schema":{"@context":"https:\/\/schema.org","@graph":[{"@type":"WebPage","@id":"https:\/\/www.gite-insolite-touraine.fr\/en\/our-bed-and-breakfast\/trailer-huguette\/","url":"https:\/\/www.gite-insolite-touraine.fr\/en\/our-bed-and-breakfast\/trailer-huguette\/","name":"Trailer Huguette - G\u00eetes Touts Vents","isPartOf":{"@id":"https:\/\/www.gite-insolite-touraine.fr\/en\/#website"},"datePublished":"2018-10-17T16:01:10+00:00","dateModified":"2024-06-17T07:12:48+00:00","breadcrumb":{"@id":"https:\/\/www.gite-insolite-touraine.fr\/en\/our-bed-and-breakfast\/trailer-huguette\/#breadcrumb"},"inLanguage":"fr-FR","potentialAction":[{"@type":"ReadAction","target":["https:\/\/www.gite-insolite-touraine.fr\/en\/our-bed-and-breakfast\/trailer-huguette\/"]}]},{"@type":"BreadcrumbList","@id":"https:\/\/www.gite-insolite-touraine.fr\/en\/our-bed-and-breakfast\/trailer-huguette\/#breadcrumb","itemListElement":[{"@type":"ListItem","position":1,"name":"Accueil","item":"https:\/\/www.gite-insolite-touraine.fr\/en\/"},{"@type":"ListItem","position":2,"name":"Our bed and breakfast","item":"https:\/\/www.gite-insolite-touraine.fr\/en\/our-bed-and-breakfast\/"},{"@type":"ListItem","position":3,"name":"Trailer Huguette"}]},{"@type":"WebSite","@id":"https:\/\/www.gite-insolite-touraine.fr\/en\/#website","url":"https:\/\/www.gite-insolite-touraine.fr\/en\/","name":"G\u00eetes Touts Vents","description":"H\u00e9bergement insolite au coeur des Ch\u00e2teaux Loire","potentialAction":[{"@type":"SearchAction","target":{"@type":"EntryPoint","urlTemplate":"https:\/\/www.gite-insolite-touraine.fr\/en\/?s={search_term_string}"},"query-input":"required name=search_term_string"}],"inLanguage":"fr-FR"}]}},"_links":{"self":[{"href":"https:\/\/www.gite-insolite-touraine.fr\/en\/wp-json\/wp\/v2\/pages\/13"}],"collection":[{"href":"https:\/\/www.gite-insolite-touraine.fr\/en\/wp-json\/wp\/v2\/pages"}],"about":[{"href":"https:\/\/www.gite-insolite-touraine.fr\/en\/wp-json\/wp\/v2\/types\/page"}],"author":[{"embeddable":true,"href":"https:\/\/www.gite-insolite-touraine.fr\/en\/wp-json\/wp\/v2\/users\/1"}],"replies":[{"embeddable":true,"href":"https:\/\/www.gite-insolite-touraine.fr\/en\/wp-json\/wp\/v2\/comments?post=13"}],"version-history":[{"count":22,"href":"https:\/\/www.gite-insolite-touraine.fr\/en\/wp-json\/wp\/v2\/pages\/13\/revisions"}],"predecessor-version":[{"id":771,"href":"https:\/\/www.gite-insolite-touraine.fr\/en\/wp-json\/wp\/v2\/pages\/13\/revisions\/771"}],"up":[{"embeddable":true,"href":"https:\/\/www.gite-insolite-touraine.fr\/en\/wp-json\/wp\/v2\/pages\/9"}],"wp:attachment":[{"href":"https:\/\/www.gite-insolite-touraine.fr\/en\/wp-json\/wp\/v2\/media?parent=13"}],"curies":[{"name":"wp","href":"https:\/\/api.w.org\/{rel}","templated":true}]}}