{"id":11,"date":"2018-10-17T18:00:36","date_gmt":"2018-10-17T16:00:36","guid":{"rendered":"http:\/\/www.gite-insolite-touraine.fr\/en\/?page_id=11"},"modified":"2023-06-26T10:03:22","modified_gmt":"2023-06-26T08:03:22","slug":"la-cabane-aux-chenes","status":"publish","type":"page","link":"https:\/\/www.gite-insolite-touraine.fr\/en\/our-bed-and-breakfast\/la-cabane-aux-chenes\/","title":{"rendered":"La Cabane aux ch\u00eanes"},"content":{"rendered":"<p>&nbsp;<\/p>\n<p><strong>2 cabins all comfort, forming a large bed and breakfast for 5 people, in 3 oaks with a nice terrace and its garden furniture to restore you in the world of birds and squirrels.<\/strong><\/p>\n<h3>Arrangement of the cottage in the trees for 5 people<\/h3>\n<hr \/>\n<p><strong><u>In the 1st hut<\/u> :<\/strong><\/p>\n<ul>\n<li>1 large room with master bedroom (bed 140), wardrobe, buffet, sitting area.<\/li>\n<li>1 bedroom in mezzanine for 3 sleeps (beds 130 and 90)<\/li>\n<li>1 bathroom (shower, washbasin and hairdryer)<\/li>\n<li>1 W. C (toilet) separated from the bathroom<\/li>\n<\/ul>\n<p><strong><u>In the 2nd hut :<\/u><\/strong><\/p>\n<ul>\n<li>1 fully equipped kitchen (fridge, 2 Electric Hob, microwave, coffee maker and complete crockery)<\/li>\n<li>1 dining area (table, chairs, furniture storage)<\/li>\n<\/ul>\n<h3>Price<\/h3>\n<hr \/>\n<table class=\"tarif\">\n<tbody>\n<tr style=\"background-color: #94c11f;\">\n<td style=\"width: 20%;\">\u00a0<\/td>\n<td style=\"text-align: center; width: 40%; color: #fff; font-weight: bold;\">AVERAGE Season <br \/>\n<i>April, May, June, September, October, November<\/i><\/td>\n<td style=\"text-align: center; width: 40%; color: #fff; font-weight: bold; background-color: #f48210;\">HIGH season <br \/>\n<i>July and August<\/i><\/td>\n<\/tr>\n<tr style=\"background-color: #eee;\">\n<td style=\"width: 20%;\">\u00a0<\/td>\n<td style=\"text-align: center; width: 40%; padding: 0px;\">\n<table style=\"width: 100%;\">\n<tbody>\n<tr>\n<td style=\"width: 30%;\">2\/3 pers<\/td>\n<td style=\"width: 30%;\">4 pers<\/td>\n<td style=\"width: 30%;\">5 pers<\/td>\n<\/tr>\n<\/tbody>\n<\/table>\n<\/td>\n<td style=\"text-align: center; width: 40%; padding: 0px;\">\n<table style=\"width: 100%;\">\n<tbody>\n<tr>\n<td style=\"width: 30%;\">2\/3 pers<\/td>\n<td style=\"width: 30%;\">4 pers<\/td>\n<td style=\"width: 30%;\">5 pers<\/td>\n<\/tr>\n<\/tbody>\n<\/table>\n<\/td>\n<\/tr>\n<tr>\n<td style=\"width: 20%;\">Sunday, Monday, Tuesday, Wednesday, Thursday<\/td>\n<td style=\"text-align: center; width: 40%; padding: 0px;\">\n<table style=\"width: 100%;\">\n<tbody>\n<tr>\n<td style=\"width: 30%;\"><b>125 \u20ac<\/b><\/td>\n<td style=\"width: 30%;\"><b>150 \u20ac<\/b><\/td>\n<td style=\"width: 30%;\"><b>170 \u20ac<\/b><\/td>\n<\/tr>\n<\/tbody>\n<\/table>\n<\/td>\n<td style=\"text-align: center; width: 40%; padding: 0px;\">\n<table style=\"width: 100%;\">\n<tbody>\n<tr>\n<td style=\"width: 30%;\"><b>135 \u20ac<\/b><\/td>\n<td style=\"width: 30%;\"><b>160 \u20ac<\/b><\/td>\n<td style=\"width: 30%;\"><b>180 \u20ac<\/b><\/td>\n<\/tr>\n<\/tbody>\n<\/table>\n<\/td>\n<\/tr>\n<tr>\n<td style=\"width: 20%;\">Friday or Saturday, public holidays<\/td>\n<td style=\"text-align: center; width: 40%; padding: 0px;\">\n<table style=\"width: 100%;\">\n<tbody>\n<tr>\n<td style=\"width: 30%;\"><b>135 \u20ac<\/b><\/td>\n<td style=\"width: 30%;\"><b>160 \u20ac<\/b><\/td>\n<td style=\"width: 30%;\"><b>180 \u20ac<\/b><\/td>\n<\/tr>\n<\/tbody>\n<\/table>\n<\/td>\n<td style=\"text-align: center; width: 40%; padding: 0px;\">\n<p style=\"text-align: center;\" align=\"CENTER\">No single night on weekends<\/p>\n<\/td>\n<\/tr>\n<tr>\n<td style=\"width: 20%;\">Week-end <br \/>\n<i>(Friday + Saturday)<\/i><\/td>\n<td style=\"text-align: center; width: 40%; padding: 0px;\">\n<table style=\"width: 100%;\">\n<tbody>\n<tr>\n<td style=\"width: 30%;\"><b>260 \u20ac<\/b><br \/>\n<i>(2 nights)<\/i><\/td>\n<td style=\"width: 30%;\"><b>310 \u20ac<\/b><br \/>\n<i>(2 nights)<\/i><\/td>\n<td style=\"width: 30%;\"><b>350 \u20ac<\/b><br \/>\n<i>(2 nights)<\/i><\/td>\n<\/tr>\n<\/tbody>\n<\/table>\n<\/td>\n<td style=\"text-align: center; width: 40%; padding: 0px;\">\n<table style=\"width: 100%;\">\n<tbody>\n<tr>\n<td style=\"width: 30%;\"><b>290 \u20ac<\/b><br \/>\n<i>(2 nights)<\/i><\/td>\n<td style=\"width: 30%;\"><b>340 \u20ac<\/b><br \/>\n<i>(2 nights)<\/i><\/td>\n<td style=\"width: 30%;\"><b>390 \u20ac<\/b><br \/>\n<i>(2 nights)<\/i><\/td>\n<\/tr>\n<\/tbody>\n<\/table>\n<\/td>\n<\/tr>\n<tr>\n<td style=\"width: 20%;\">Week<\/td>\n<td style=\"text-align: center; width: 40%; padding: 0px;\">\n<table style=\"width: 100%;\">\n<tbody>\n<tr>\n<td style=\"width: 30%;\"><b>795 \u20ac<\/b><br \/>\n<i>(7 nights)<\/i><\/td>\n<td style=\"width: 30%;\"><b>895 \u20ac<\/b><br \/>\n<i>(7 nights)<\/i><\/td>\n<td style=\"width: 30%;\"><b>995 \u20ac<\/b><br \/>\n<i>(7 nights)<\/i><\/td>\n<\/tr>\n<\/tbody>\n<\/table>\n<\/td>\n<td style=\"text-align: center; width: 40%; padding: 0px;\">\n<table style=\"width: 100%;\">\n<tbody>\n<tr>\n<td style=\"width: 30%;\"><b>910 \u20ac<\/b><br \/>\n<i>(7 nights)<\/i><\/td>\n<td style=\"width: 30%;\"><b>1080 \u20ac<\/b><br \/>\n<i>(7 nights)<\/i><\/td>\n<td style=\"width: 30%;\"><b>1190 \u20ac<\/b><br \/>\n<i>(7 nights)<\/i><\/td>\n<\/tr>\n<\/tbody>\n<\/table>\n<\/td>\n<\/tr>\n<\/tbody>\n<\/table>\n<p>&nbsp;<\/p>\n<ul>\n<li><strong><span style=\"text-decoration: underline;\">Services included<\/span><\/strong> : beds made, dishware and floor, grocery Kit, WC paper<\/li>\n<li><span style=\"text-decoration: underline;\"><strong>Free leisure complex<\/strong> <\/span>: swimming pool, tennis, badminton, table tennis, beach volley, p\u00e9tanque (with free loan of material for each structure) playground, board games, Library, toy hut\u2026<\/li>\n<li><span style=\"text-decoration: underline;\"><strong>Cleaning fee<\/strong><\/span> : <strong>30 euros<\/strong> or to be made by yourself<\/li>\n<li><span style=\"text-decoration: underline;\"><strong>Week-end<\/strong> <\/span>: Friday 5pm to Sunday 11am<strong> (2nights)<\/strong><\/li>\n<li><span style=\"text-decoration: underline;\"><strong>Excluding school holidays and for a weekend of 2 nights<\/strong><\/span><strong> :<\/strong> possibility to leave on Sunday in the late afternoon, instead of 11am in the morning : <strong>30 euros<\/strong><\/li>\n<li><span style=\"text-decoration: underline;\"><strong>When you book a week :<\/strong> <\/span>Friday to Friday or Sunday to Sunday (7 nights), to avoid traffic jams on Saturdays.<\/li>\n<\/ul>\n","protected":false},"excerpt":{"rendered":"<p>&nbsp; 2 cabins all comfort, forming a large bed and breakfast for 5 people, in 3 oaks with a nice terrace and its garden furniture to restore you in the world of birds and squirrels. Arrangement of the cottage in the trees for 5 people In the 1st hut : 1 large room with master [&hellip;]<\/p>\n","protected":false},"author":1,"featured_media":0,"parent":9,"menu_order":0,"comment_status":"closed","ping_status":"closed","template":"page-cabane-aux-chenes.php","meta":{"footnotes":""},"yoast_head":"<!-- This site is optimized with the Yoast SEO plugin v22.8 - https:\/\/yoast.com\/wordpress\/plugins\/seo\/ -->\n<title>La Cabane aux ch\u00eanes - G\u00eetes Touts Vents<\/title>\n<meta name=\"robots\" content=\"index, follow, max-snippet:-1, max-image-preview:large, max-video-preview:-1\" \/>\n<link rel=\"canonical\" href=\"https:\/\/www.gite-insolite-touraine.fr\/en\/our-bed-and-breakfast\/la-cabane-aux-chenes\/\" \/>\n<meta property=\"og:locale\" content=\"fr_FR\" \/>\n<meta property=\"og:type\" content=\"article\" \/>\n<meta property=\"og:title\" content=\"La Cabane aux ch\u00eanes - G\u00eetes Touts Vents\" \/>\n<meta property=\"og:description\" content=\"&nbsp; 2 cabins all comfort, forming a large bed and breakfast for 5 people, in 3 oaks with a nice terrace and its garden furniture to restore you in the world of birds and squirrels. Arrangement of the cottage in the trees for 5 people In the 1st hut : 1 large room with master [&hellip;]\" \/>\n<meta property=\"og:url\" content=\"https:\/\/www.gite-insolite-touraine.fr\/en\/our-bed-and-breakfast\/la-cabane-aux-chenes\/\" \/>\n<meta property=\"og:site_name\" content=\"G\u00eetes Touts Vents\" \/>\n<meta property=\"article:modified_time\" content=\"2023-06-26T08:03:22+00:00\" \/>\n<meta name=\"twitter:card\" content=\"summary_large_image\" \/>\n<meta name=\"twitter:label1\" content=\"Dur\u00e9e de lecture estim\u00e9e\" \/>\n\t<meta name=\"twitter:data1\" content=\"2 minutes\" \/>\n<script type=\"application\/ld+json\" class=\"yoast-schema-graph\">{\"@context\":\"https:\/\/schema.org\",\"@graph\":[{\"@type\":\"WebPage\",\"@id\":\"https:\/\/www.gite-insolite-touraine.fr\/en\/our-bed-and-breakfast\/la-cabane-aux-chenes\/\",\"url\":\"https:\/\/www.gite-insolite-touraine.fr\/en\/our-bed-and-breakfast\/la-cabane-aux-chenes\/\",\"name\":\"La Cabane aux ch\u00eanes - G\u00eetes Touts Vents\",\"isPartOf\":{\"@id\":\"https:\/\/www.gite-insolite-touraine.fr\/en\/#website\"},\"datePublished\":\"2018-10-17T16:00:36+00:00\",\"dateModified\":\"2023-06-26T08:03:22+00:00\",\"breadcrumb\":{\"@id\":\"https:\/\/www.gite-insolite-touraine.fr\/en\/our-bed-and-breakfast\/la-cabane-aux-chenes\/#breadcrumb\"},\"inLanguage\":\"fr-FR\",\"potentialAction\":[{\"@type\":\"ReadAction\",\"target\":[\"https:\/\/www.gite-insolite-touraine.fr\/en\/our-bed-and-breakfast\/la-cabane-aux-chenes\/\"]}]},{\"@type\":\"BreadcrumbList\",\"@id\":\"https:\/\/www.gite-insolite-touraine.fr\/en\/our-bed-and-breakfast\/la-cabane-aux-chenes\/#breadcrumb\",\"itemListElement\":[{\"@type\":\"ListItem\",\"position\":1,\"name\":\"Accueil\",\"item\":\"https:\/\/www.gite-insolite-touraine.fr\/en\/\"},{\"@type\":\"ListItem\",\"position\":2,\"name\":\"Our bed and breakfast\",\"item\":\"https:\/\/www.gite-insolite-touraine.fr\/en\/our-bed-and-breakfast\/\"},{\"@type\":\"ListItem\",\"position\":3,\"name\":\"La Cabane aux ch\u00eanes\"}]},{\"@type\":\"WebSite\",\"@id\":\"https:\/\/www.gite-insolite-touraine.fr\/en\/#website\",\"url\":\"https:\/\/www.gite-insolite-touraine.fr\/en\/\",\"name\":\"G\u00eetes Touts Vents\",\"description\":\"H\u00e9bergement insolite au coeur des Ch\u00e2teaux Loire\",\"potentialAction\":[{\"@type\":\"SearchAction\",\"target\":{\"@type\":\"EntryPoint\",\"urlTemplate\":\"https:\/\/www.gite-insolite-touraine.fr\/en\/?s={search_term_string}\"},\"query-input\":\"required name=search_term_string\"}],\"inLanguage\":\"fr-FR\"}]}<\/script>\n<!-- \/ Yoast SEO plugin. -->","yoast_head_json":{"title":"La Cabane aux ch\u00eanes - G\u00eetes Touts Vents","robots":{"index":"index","follow":"follow","max-snippet":"max-snippet:-1","max-image-preview":"max-image-preview:large","max-video-preview":"max-video-preview:-1"},"canonical":"https:\/\/www.gite-insolite-touraine.fr\/en\/our-bed-and-breakfast\/la-cabane-aux-chenes\/","og_locale":"fr_FR","og_type":"article","og_title":"La Cabane aux ch\u00eanes - G\u00eetes Touts Vents","og_description":"&nbsp; 2 cabins all comfort, forming a large bed and breakfast for 5 people, in 3 oaks with a nice terrace and its garden furniture to restore you in the world of birds and squirrels. Arrangement of the cottage in the trees for 5 people In the 1st hut : 1 large room with master [&hellip;]","og_url":"https:\/\/www.gite-insolite-touraine.fr\/en\/our-bed-and-breakfast\/la-cabane-aux-chenes\/","og_site_name":"G\u00eetes Touts Vents","article_modified_time":"2023-06-26T08:03:22+00:00","twitter_card":"summary_large_image","twitter_misc":{"Dur\u00e9e de lecture estim\u00e9e":"2 minutes"},"schema":{"@context":"https:\/\/schema.org","@graph":[{"@type":"WebPage","@id":"https:\/\/www.gite-insolite-touraine.fr\/en\/our-bed-and-breakfast\/la-cabane-aux-chenes\/","url":"https:\/\/www.gite-insolite-touraine.fr\/en\/our-bed-and-breakfast\/la-cabane-aux-chenes\/","name":"La Cabane aux ch\u00eanes - G\u00eetes Touts Vents","isPartOf":{"@id":"https:\/\/www.gite-insolite-touraine.fr\/en\/#website"},"datePublished":"2018-10-17T16:00:36+00:00","dateModified":"2023-06-26T08:03:22+00:00","breadcrumb":{"@id":"https:\/\/www.gite-insolite-touraine.fr\/en\/our-bed-and-breakfast\/la-cabane-aux-chenes\/#breadcrumb"},"inLanguage":"fr-FR","potentialAction":[{"@type":"ReadAction","target":["https:\/\/www.gite-insolite-touraine.fr\/en\/our-bed-and-breakfast\/la-cabane-aux-chenes\/"]}]},{"@type":"BreadcrumbList","@id":"https:\/\/www.gite-insolite-touraine.fr\/en\/our-bed-and-breakfast\/la-cabane-aux-chenes\/#breadcrumb","itemListElement":[{"@type":"ListItem","position":1,"name":"Accueil","item":"https:\/\/www.gite-insolite-touraine.fr\/en\/"},{"@type":"ListItem","position":2,"name":"Our bed and breakfast","item":"https:\/\/www.gite-insolite-touraine.fr\/en\/our-bed-and-breakfast\/"},{"@type":"ListItem","position":3,"name":"La Cabane aux ch\u00eanes"}]},{"@type":"WebSite","@id":"https:\/\/www.gite-insolite-touraine.fr\/en\/#website","url":"https:\/\/www.gite-insolite-touraine.fr\/en\/","name":"G\u00eetes Touts Vents","description":"H\u00e9bergement insolite au coeur des Ch\u00e2teaux Loire","potentialAction":[{"@type":"SearchAction","target":{"@type":"EntryPoint","urlTemplate":"https:\/\/www.gite-insolite-touraine.fr\/en\/?s={search_term_string}"},"query-input":"required name=search_term_string"}],"inLanguage":"fr-FR"}]}},"_links":{"self":[{"href":"https:\/\/www.gite-insolite-touraine.fr\/en\/wp-json\/wp\/v2\/pages\/11"}],"collection":[{"href":"https:\/\/www.gite-insolite-touraine.fr\/en\/wp-json\/wp\/v2\/pages"}],"about":[{"href":"https:\/\/www.gite-insolite-touraine.fr\/en\/wp-json\/wp\/v2\/types\/page"}],"author":[{"embeddable":true,"href":"https:\/\/www.gite-insolite-touraine.fr\/en\/wp-json\/wp\/v2\/users\/1"}],"replies":[{"embeddable":true,"href":"https:\/\/www.gite-insolite-touraine.fr\/en\/wp-json\/wp\/v2\/comments?post=11"}],"version-history":[{"count":77,"href":"https:\/\/www.gite-insolite-touraine.fr\/en\/wp-json\/wp\/v2\/pages\/11\/revisions"}],"predecessor-version":[{"id":746,"href":"https:\/\/www.gite-insolite-touraine.fr\/en\/wp-json\/wp\/v2\/pages\/11\/revisions\/746"}],"up":[{"embeddable":true,"href":"https:\/\/www.gite-insolite-touraine.fr\/en\/wp-json\/wp\/v2\/pages\/9"}],"wp:attachment":[{"href":"https:\/\/www.gite-insolite-touraine.fr\/en\/wp-json\/wp\/v2\/media?parent=11"}],"curies":[{"name":"wp","href":"https:\/\/api.w.org\/{rel}","templated":true}]}}